{"id":77646,"date":"2025-11-11T22:02:38","date_gmt":"2025-11-11T21:02:38","guid":{"rendered":"https:\/\/www.ernstbrunn-apotheke.at\/katalog\/produkt\/abtei-augen-vital-kapseln\/"},"modified":"2025-12-08T18:54:30","modified_gmt":"2025-12-08T17:54:30","slug":"abtei-augen-vital-kapseln","status":"publish","type":"product","link":"https:\/\/www.ernstbrunn-apotheke.at\/katalog\/produkt\/abtei-augen-vital-kapseln\/","title":{"rendered":"Abtei Augen Vital Kapseln"},"content":{"rendered":"<p>Die Abtei Augen Vital Kapseln sind ein Nahrungserg\u00e4nzungsmittel zur Unterst\u00fctzung Ihrer Augengesundheit mit augenspezifischen, essentiellen N\u00e4hrstoffe, die der K\u00f6rper selber nicht bilden kann, unter anderem Vitamin A, Zink und die Omega-3-Fetts\u00e4ure DHA, die besonders wichtig f\u00fcr Sehprozesse, wie z.B. das Hell- und Dunkelsehen sind. Au\u00dferdem sind die Kapseln besonders reich an den Carotinoiden Lutein sowie Zeaxanthin, die f\u00fcr das Sch\u00e4rfesehen unentbehrlich sind und enthalten die Vitamine C und E und den Mineralstoff Selen f\u00fcr einen optimalen Zellschutz vor optimalem Stress<\/p>\n","protected":false},"excerpt":{"rendered":"<p>Die Abtei Augen Vital Kapseln sind ein Nahrungserg\u00e4nzungsmittel zur Unterst\u00fctzung Ihrer Augengesundheit mit augenspezifischen, essentiellen N\u00e4hrstoffe, die der K\u00f6rper selber nicht bilden kann, unter anderem Vitamin A, Zink und die Omega-3-Fetts\u00e4ure DHA, die besonders wichtig f\u00fcr Sehprozesse, wie z.B. das Hell- und Dunkelsehen sind. Au\u00dferdem sind die Kapseln besonders reich an den Carotinoiden Lutein sowie [&hellip;]<\/p>\n","protected":false},"featured_media":77648,"template":"","meta":{"_acf_changed":false},"product_brand":[484],"product_cat":[801],"product_tag":[],"class_list":{"0":"post-77646","1":"product","2":"type-product","3":"status-publish","4":"has-post-thumbnail","6":"product_brand-abtei","7":"product_cat-a","8":"pa_packungsgroesse-30-stueck","10":"first","11":"instock","12":"shipping-taxable","13":"purchasable","14":"product-type-simple"},"acf":[],"_links":{"self":[{"href":"https:\/\/www.ernstbrunn-apotheke.at\/katalog\/wp-json\/wp\/v2\/product\/77646","targetHints":{"allow":["GET"]}}],"collection":[{"href":"https:\/\/www.ernstbrunn-apotheke.at\/katalog\/wp-json\/wp\/v2\/product"}],"about":[{"href":"https:\/\/www.ernstbrunn-apotheke.at\/katalog\/wp-json\/wp\/v2\/types\/product"}],"wp:featuredmedia":[{"embeddable":true,"href":"https:\/\/www.ernstbrunn-apotheke.at\/katalog\/wp-json\/wp\/v2\/media\/77648"}],"wp:attachment":[{"href":"https:\/\/www.ernstbrunn-apotheke.at\/katalog\/wp-json\/wp\/v2\/media?parent=77646"}],"wp:term":[{"taxonomy":"product_brand","embeddable":true,"href":"https:\/\/www.ernstbrunn-apotheke.at\/katalog\/wp-json\/wp\/v2\/product_brand?post=77646"},{"taxonomy":"product_cat","embeddable":true,"href":"https:\/\/www.ernstbrunn-apotheke.at\/katalog\/wp-json\/wp\/v2\/product_cat?post=77646"},{"taxonomy":"product_tag","embeddable":true,"href":"https:\/\/www.ernstbrunn-apotheke.at\/katalog\/wp-json\/wp\/v2\/product_tag?post=77646"}],"curies":[{"name":"wp","href":"https:\/\/api.w.org\/{rel}","templated":true}]}}