{"id":77644,"date":"2025-11-11T22:02:38","date_gmt":"2025-11-11T21:02:38","guid":{"rendered":"https:\/\/www.ernstbrunn-apotheke.at\/katalog\/produkt\/australische-buschblueten-essenzen-15-ml-dagger-hake\/"},"modified":"2025-12-08T18:54:28","modified_gmt":"2025-12-08T17:54:28","slug":"australische-buschblueten-essenzen-15-ml-dagger-hake","status":"publish","type":"product","link":"https:\/\/www.ernstbrunn-apotheke.at\/katalog\/produkt\/australische-buschblueten-essenzen-15-ml-dagger-hake\/","title":{"rendered":"Australische Buschbl\u00fcten Essenzen 15 ml Dagger Hake"},"content":{"rendered":"<p>Australische Buschbl\u00fcten Essenz Dagger Hakea hilft, aufgestaute und negativen Gef\u00fchle besser zu bew\u00e4ltigen. Diese Essenz hilft Menschen, die mit Verbitterung, Ablehnung und Entt\u00e4uschungen zu k\u00e4mpfen haben. Diese Gef\u00fchle beziehen sich auf nahestehende Personen und werden nach au\u00dfen hin nicht gezeigt.<\/p>\n","protected":false},"excerpt":{"rendered":"<p>Australische Buschbl\u00fcten Essenz Dagger Hakea hilft, aufgestaute und negativen Gef\u00fchle besser zu bew\u00e4ltigen. Diese Essenz hilft Menschen, die mit Verbitterung, Ablehnung und Entt\u00e4uschungen zu k\u00e4mpfen haben. Diese Gef\u00fchle beziehen sich auf nahestehende Personen und werden nach au\u00dfen hin nicht gezeigt.<\/p>\n","protected":false},"featured_media":0,"template":"","meta":{"_acf_changed":false},"product_brand":[930],"product_cat":[801],"product_tag":[],"class_list":{"0":"post-77644","1":"product","2":"type-product","3":"status-publish","5":"product_brand-australische-buschblueten","6":"product_cat-a","7":"pa_packungsgroesse-15ml","9":"first","10":"instock","11":"shipping-taxable","12":"purchasable","13":"product-type-simple"},"acf":[],"_links":{"self":[{"href":"https:\/\/www.ernstbrunn-apotheke.at\/katalog\/wp-json\/wp\/v2\/product\/77644","targetHints":{"allow":["GET"]}}],"collection":[{"href":"https:\/\/www.ernstbrunn-apotheke.at\/katalog\/wp-json\/wp\/v2\/product"}],"about":[{"href":"https:\/\/www.ernstbrunn-apotheke.at\/katalog\/wp-json\/wp\/v2\/types\/product"}],"wp:attachment":[{"href":"https:\/\/www.ernstbrunn-apotheke.at\/katalog\/wp-json\/wp\/v2\/media?parent=77644"}],"wp:term":[{"taxonomy":"product_brand","embeddable":true,"href":"https:\/\/www.ernstbrunn-apotheke.at\/katalog\/wp-json\/wp\/v2\/product_brand?post=77644"},{"taxonomy":"product_cat","embeddable":true,"href":"https:\/\/www.ernstbrunn-apotheke.at\/katalog\/wp-json\/wp\/v2\/product_cat?post=77644"},{"taxonomy":"product_tag","embeddable":true,"href":"https:\/\/www.ernstbrunn-apotheke.at\/katalog\/wp-json\/wp\/v2\/product_tag?post=77644"}],"curies":[{"name":"wp","href":"https:\/\/api.w.org\/{rel}","templated":true}]}}