{"id":77637,"date":"2025-11-11T22:02:38","date_gmt":"2025-11-11T21:02:38","guid":{"rendered":"https:\/\/www.ernstbrunn-apotheke.at\/katalog\/produkt\/sebamed-anti-ageing-hautstraffende-lotion-200-ml\/"},"modified":"2025-12-08T18:54:24","modified_gmt":"2025-12-08T17:54:24","slug":"sebamed-anti-ageing-hautstraffende-lotion-200-ml","status":"publish","type":"product","link":"https:\/\/www.ernstbrunn-apotheke.at\/katalog\/produkt\/sebamed-anti-ageing-hautstraffende-lotion-200-ml\/","title":{"rendered":"Sebamed Anti-Ageing Hautstraffende Lotion 200 ml"},"content":{"rendered":"<p>Neben genetischen und hormonellen Faktoren haben Umwelteinfl\u00fcsse wie Sonne und Stress eine hohe Bedeutung f\u00fcr den Alterungsprozess. Bei der Hautalterung nehmen Regenerationsf\u00e4higkeit und Durchblutung der Haut ab, Talg- und Schwei\u00dfbildung, Immunabwehr und Stoffwechsel der Hautzellen vermindern sich. Die sichtbaren Folgen: Falten, verminderte Elastizit\u00e4t, Altersflecken, Trockenheit sowie erh\u00f6hte Empfindlichkeit. Mit speziellen Anti-Ageing Wirkstoffen tr\u00e4gt die Sebamed Anti-Ageing Hautstraffende Lotion dazu bei, die Gl\u00e4tte und Elastizit\u00e4t der Haut zu verbessern und hilft, bestehende altersbedingte Hautver\u00e4nderungen zu mildern.<\/p>\n","protected":false},"excerpt":{"rendered":"<p>Neben genetischen und hormonellen Faktoren haben Umwelteinfl\u00fcsse wie Sonne und Stress eine hohe Bedeutung f\u00fcr den Alterungsprozess. Bei der Hautalterung nehmen Regenerationsf\u00e4higkeit und Durchblutung der Haut ab, Talg- und Schwei\u00dfbildung, Immunabwehr und Stoffwechsel der Hautzellen vermindern sich. Die sichtbaren Folgen: Falten, verminderte Elastizit\u00e4t, Altersflecken, Trockenheit sowie erh\u00f6hte Empfindlichkeit. Mit speziellen Anti-Ageing Wirkstoffen tr\u00e4gt die Sebamed [&hellip;]<\/p>\n","protected":false},"featured_media":77639,"template":"","meta":{"_acf_changed":false},"product_brand":[737],"product_cat":[791],"product_tag":[],"class_list":{"0":"post-77637","1":"product","2":"type-product","3":"status-publish","4":"has-post-thumbnail","6":"product_brand-sebamed","7":"product_cat-s","8":"pa_packungsgroesse-200ml","10":"first","11":"instock","12":"shipping-taxable","13":"purchasable","14":"product-type-simple"},"acf":[],"_links":{"self":[{"href":"https:\/\/www.ernstbrunn-apotheke.at\/katalog\/wp-json\/wp\/v2\/product\/77637","targetHints":{"allow":["GET"]}}],"collection":[{"href":"https:\/\/www.ernstbrunn-apotheke.at\/katalog\/wp-json\/wp\/v2\/product"}],"about":[{"href":"https:\/\/www.ernstbrunn-apotheke.at\/katalog\/wp-json\/wp\/v2\/types\/product"}],"wp:featuredmedia":[{"embeddable":true,"href":"https:\/\/www.ernstbrunn-apotheke.at\/katalog\/wp-json\/wp\/v2\/media\/77639"}],"wp:attachment":[{"href":"https:\/\/www.ernstbrunn-apotheke.at\/katalog\/wp-json\/wp\/v2\/media?parent=77637"}],"wp:term":[{"taxonomy":"product_brand","embeddable":true,"href":"https:\/\/www.ernstbrunn-apotheke.at\/katalog\/wp-json\/wp\/v2\/product_brand?post=77637"},{"taxonomy":"product_cat","embeddable":true,"href":"https:\/\/www.ernstbrunn-apotheke.at\/katalog\/wp-json\/wp\/v2\/product_cat?post=77637"},{"taxonomy":"product_tag","embeddable":true,"href":"https:\/\/www.ernstbrunn-apotheke.at\/katalog\/wp-json\/wp\/v2\/product_tag?post=77637"}],"curies":[{"name":"wp","href":"https:\/\/api.w.org\/{rel}","templated":true}]}}