{"id":77629,"date":"2025-11-11T22:01:48","date_gmt":"2025-11-11T21:01:48","guid":{"rendered":"https:\/\/www.ernstbrunn-apotheke.at\/katalog\/produkt\/dr-jacobs-granatapfel-elixier-mediterran-500-ml\/"},"modified":"2025-12-08T18:54:21","modified_gmt":"2025-12-08T17:54:21","slug":"dr-jacobs-granatapfel-elixier-mediterran-500-ml","status":"publish","type":"product","link":"https:\/\/www.ernstbrunn-apotheke.at\/katalog\/produkt\/dr-jacobs-granatapfel-elixier-mediterran-500-ml\/","title":{"rendered":"Dr. Jacob&#8217;s Granatapfel-Elixier mediterran 500 ml"},"content":{"rendered":"<p>Dr. Jacobs Granatapfel Elixier mediterran wird in Deutschland unter strengster Qualit\u00e4tskontrolle hergestellt. Es enth\u00e4lt in jeder Flasche den Saft und das Fruchtfleisch von 41 sonnengereiften Granat\u00e4pfeln \u2013 frisch gepresst, schonend verarbeitet und mit bioaktiven, lebend fermentierten Granatapfel-Polyphenolen. Das patentierte Tomaten-Extrakt unterst\u00fctzt die gesunde Durchblutung.<\/p>\n","protected":false},"excerpt":{"rendered":"<p>Dr. Jacobs Granatapfel Elixier mediterran wird in Deutschland unter strengster Qualit\u00e4tskontrolle hergestellt. Es enth\u00e4lt in jeder Flasche den Saft und das Fruchtfleisch von 41 sonnengereiften Granat\u00e4pfeln \u2013 frisch gepresst, schonend verarbeitet und mit bioaktiven, lebend fermentierten Granatapfel-Polyphenolen. Das patentierte Tomaten-Extrakt unterst\u00fctzt die gesunde Durchblutung.<\/p>\n","protected":false},"featured_media":77631,"template":"","meta":{"_acf_changed":false},"product_brand":[433],"product_cat":[792],"product_tag":[],"class_list":{"0":"post-77629","1":"product","2":"type-product","3":"status-publish","4":"has-post-thumbnail","6":"product_brand-dr-jacobs","7":"product_cat-d","8":"pa_packungsgroesse-500ml","10":"first","11":"instock","12":"shipping-taxable","13":"purchasable","14":"product-type-simple"},"acf":[],"_links":{"self":[{"href":"https:\/\/www.ernstbrunn-apotheke.at\/katalog\/wp-json\/wp\/v2\/product\/77629","targetHints":{"allow":["GET"]}}],"collection":[{"href":"https:\/\/www.ernstbrunn-apotheke.at\/katalog\/wp-json\/wp\/v2\/product"}],"about":[{"href":"https:\/\/www.ernstbrunn-apotheke.at\/katalog\/wp-json\/wp\/v2\/types\/product"}],"wp:featuredmedia":[{"embeddable":true,"href":"https:\/\/www.ernstbrunn-apotheke.at\/katalog\/wp-json\/wp\/v2\/media\/77631"}],"wp:attachment":[{"href":"https:\/\/www.ernstbrunn-apotheke.at\/katalog\/wp-json\/wp\/v2\/media?parent=77629"}],"wp:term":[{"taxonomy":"product_brand","embeddable":true,"href":"https:\/\/www.ernstbrunn-apotheke.at\/katalog\/wp-json\/wp\/v2\/product_brand?post=77629"},{"taxonomy":"product_cat","embeddable":true,"href":"https:\/\/www.ernstbrunn-apotheke.at\/katalog\/wp-json\/wp\/v2\/product_cat?post=77629"},{"taxonomy":"product_tag","embeddable":true,"href":"https:\/\/www.ernstbrunn-apotheke.at\/katalog\/wp-json\/wp\/v2\/product_tag?post=77629"}],"curies":[{"name":"wp","href":"https:\/\/api.w.org\/{rel}","templated":true}]}}