{"id":7761,"date":"2025-11-07T13:30:21","date_gmt":"2025-11-07T12:30:21","guid":{"rendered":"https:\/\/www.ernstbrunn-apotheke.at\/katalog\/produkt\/gall-pharma-hopfen-125mg-kapseln-bei-schlaf-einschlafstoerungen-60-stk\/"},"modified":"2025-12-08T13:24:21","modified_gmt":"2025-12-08T12:24:21","slug":"gall-pharma-hopfen-125mg-kapseln-bei-schlaf-einschlafstoerungen-60-stk","status":"publish","type":"product","link":"https:\/\/www.ernstbrunn-apotheke.at\/katalog\/produkt\/gall-pharma-hopfen-125mg-kapseln-bei-schlaf-einschlafstoerungen-60-stk\/","title":{"rendered":"Gall Pharma HOPFEN 125mg Kapseln bei Schlaf- &#038; Einschlafst\u00f6rungen &#8211; 60 Stk"},"content":{"rendered":"<p>Gall Pharma Hopfen 125 mg Kapseln 60 Stk. enthalten 125 mg nat\u00fcrliches Hopfenbl\u00fcten Extrakt in einer Hartgelatinekapsel und k\u00f6nnen durch die beruhigende Eigenschaft des Hopfens sowohl bei Schlaf- und Einschlafst\u00f6rungen Abhilfe schaffen, als auch allgemeine Erregungszust\u00e4nde lindern und somit zu einer Verbesserung des Befindens beitragen. Der physiologische Schlafrhythmus bleibt durch die rein pflanzlichen Extrakte unbeeinflusst und  bietet eine optimale, nat\u00fcrliche Alternative zu anderen schlaff\u00f6rdernden Mitteln &#8211; profitieren Sie von hohen Rabatten und dem gro\u00dfen Sortiment einer Standortapotheke!<\/p>\n","protected":false},"excerpt":{"rendered":"<p>Gall Pharma Hopfen 125 mg Kapseln 60 Stk. enthalten 125 mg nat\u00fcrliches Hopfenbl\u00fcten Extrakt in einer Hartgelatinekapsel und k\u00f6nnen durch die beruhigende Eigenschaft des Hopfens sowohl bei Schlaf- und Einschlafst\u00f6rungen Abhilfe schaffen, als auch allgemeine Erregungszust\u00e4nde lindern und somit zu einer Verbesserung des Befindens beitragen. Der physiologische Schlafrhythmus bleibt durch die rein pflanzlichen Extrakte unbeeinflusst [&hellip;]<\/p>\n","protected":false},"featured_media":7763,"template":"","meta":{"_acf_changed":false},"product_brand":[371],"product_cat":[810],"product_tag":[],"class_list":{"0":"post-7761","1":"product","2":"type-product","3":"status-publish","4":"has-post-thumbnail","6":"product_brand-gall-pharma","7":"product_cat-g","8":"pa_packungsgroesse-60-stueck","10":"first","11":"instock","12":"shipping-taxable","13":"purchasable","14":"product-type-simple"},"acf":[],"_links":{"self":[{"href":"https:\/\/www.ernstbrunn-apotheke.at\/katalog\/wp-json\/wp\/v2\/product\/7761","targetHints":{"allow":["GET"]}}],"collection":[{"href":"https:\/\/www.ernstbrunn-apotheke.at\/katalog\/wp-json\/wp\/v2\/product"}],"about":[{"href":"https:\/\/www.ernstbrunn-apotheke.at\/katalog\/wp-json\/wp\/v2\/types\/product"}],"wp:featuredmedia":[{"embeddable":true,"href":"https:\/\/www.ernstbrunn-apotheke.at\/katalog\/wp-json\/wp\/v2\/media\/7763"}],"wp:attachment":[{"href":"https:\/\/www.ernstbrunn-apotheke.at\/katalog\/wp-json\/wp\/v2\/media?parent=7761"}],"wp:term":[{"taxonomy":"product_brand","embeddable":true,"href":"https:\/\/www.ernstbrunn-apotheke.at\/katalog\/wp-json\/wp\/v2\/product_brand?post=7761"},{"taxonomy":"product_cat","embeddable":true,"href":"https:\/\/www.ernstbrunn-apotheke.at\/katalog\/wp-json\/wp\/v2\/product_cat?post=7761"},{"taxonomy":"product_tag","embeddable":true,"href":"https:\/\/www.ernstbrunn-apotheke.at\/katalog\/wp-json\/wp\/v2\/product_tag?post=7761"}],"curies":[{"name":"wp","href":"https:\/\/api.w.org\/{rel}","templated":true}]}}