{"id":77604,"date":"2025-11-11T22:01:48","date_gmt":"2025-11-11T21:01:48","guid":{"rendered":"https:\/\/www.ernstbrunn-apotheke.at\/katalog\/produkt\/allergika-dusche-cremebad-mild-500-ml\/"},"modified":"2025-12-08T18:54:13","modified_gmt":"2025-12-08T17:54:13","slug":"allergika-dusche-cremebad-mild-500-ml","status":"publish","type":"product","link":"https:\/\/www.ernstbrunn-apotheke.at\/katalog\/produkt\/allergika-dusche-cremebad-mild-500-ml\/","title":{"rendered":"Allergika Dusche &#038; Cremebad Mild 500 ml"},"content":{"rendered":"<p>Allergika Dusche &#038; Cremebad Mild ist eine hypoallergene, r\u00fcckfettende, seifenfreie Hautreinigung f\u00fcr normale bis leicht trockene Haut. Diese Pflege ist bestens zur Anwendung im Gesicht, an den H\u00e4nden und am K\u00f6rper geeignet.<\/p>\n","protected":false},"excerpt":{"rendered":"<p>Allergika Dusche &#038; Cremebad Mild ist eine hypoallergene, r\u00fcckfettende, seifenfreie Hautreinigung f\u00fcr normale bis leicht trockene Haut. Diese Pflege ist bestens zur Anwendung im Gesicht, an den H\u00e4nden und am K\u00f6rper geeignet.<\/p>\n","protected":false},"featured_media":77606,"template":"","meta":{"_acf_changed":false},"product_brand":[396],"product_cat":[801],"product_tag":[],"class_list":{"0":"post-77604","1":"product","2":"type-product","3":"status-publish","4":"has-post-thumbnail","6":"product_brand-allergika","7":"product_cat-a","8":"pa_packungsgroesse-500ml","10":"first","11":"instock","12":"shipping-taxable","13":"purchasable","14":"product-type-simple"},"acf":[],"_links":{"self":[{"href":"https:\/\/www.ernstbrunn-apotheke.at\/katalog\/wp-json\/wp\/v2\/product\/77604","targetHints":{"allow":["GET"]}}],"collection":[{"href":"https:\/\/www.ernstbrunn-apotheke.at\/katalog\/wp-json\/wp\/v2\/product"}],"about":[{"href":"https:\/\/www.ernstbrunn-apotheke.at\/katalog\/wp-json\/wp\/v2\/types\/product"}],"wp:featuredmedia":[{"embeddable":true,"href":"https:\/\/www.ernstbrunn-apotheke.at\/katalog\/wp-json\/wp\/v2\/media\/77606"}],"wp:attachment":[{"href":"https:\/\/www.ernstbrunn-apotheke.at\/katalog\/wp-json\/wp\/v2\/media?parent=77604"}],"wp:term":[{"taxonomy":"product_brand","embeddable":true,"href":"https:\/\/www.ernstbrunn-apotheke.at\/katalog\/wp-json\/wp\/v2\/product_brand?post=77604"},{"taxonomy":"product_cat","embeddable":true,"href":"https:\/\/www.ernstbrunn-apotheke.at\/katalog\/wp-json\/wp\/v2\/product_cat?post=77604"},{"taxonomy":"product_tag","embeddable":true,"href":"https:\/\/www.ernstbrunn-apotheke.at\/katalog\/wp-json\/wp\/v2\/product_tag?post=77604"}],"curies":[{"name":"wp","href":"https:\/\/api.w.org\/{rel}","templated":true}]}}