{"id":77573,"date":"2025-11-11T22:00:59","date_gmt":"2025-11-11T21:00:59","guid":{"rendered":"https:\/\/www.ernstbrunn-apotheke.at\/katalog\/produkt\/gall-pharma-vitamin-d3-5-000-i-e-kapseln-90-stk\/"},"modified":"2025-12-08T18:54:03","modified_gmt":"2025-12-08T17:54:03","slug":"gall-pharma-vitamin-d3-5-000-i-e-kapseln-90-stk","status":"publish","type":"product","link":"https:\/\/www.ernstbrunn-apotheke.at\/katalog\/produkt\/gall-pharma-vitamin-d3-5-000-i-e-kapseln-90-stk\/","title":{"rendered":"Gall Pharma Vitamin D3 5.000 I.E. Kapseln 90 Stk."},"content":{"rendered":"<p>Vitamin D3 (Colecalciferol) geh\u00f6rt zur Gruppe der fettl\u00f6slichen Vitamine. In der Nahrung kommt Vitamin D3 im Wesentlichen in Lebertran und anderen tierischen Fetten wie Milch und Butter vor. Definitionsgem\u00e4\u00df sind Vitamine Verbindungen, die der K\u00f6rper f\u00fcr lebenswichtige Funktionen ben\u00f6tigt, die aber von ihm selbst nicht bzw. nicht ausreichend hergestellt werden k\u00f6nnen. Daher sollten sie regelm\u00e4\u00dfig mit der Nahrung zugef\u00fchrt werden. Vitamin D nimmt eine Sonderstellung unter den Vitaminen ein, da es in der Haut mit Hilfe von UV-B-Strahlen des Sonnenlichts gebildet werden kann. Allerdings reicht in Mitteleuropa die Sonneneinstrahlung w\u00e4hrend der Herbst und Wintermonate nicht aus, um eine optimale Versorgung zu sichern. Zudem ist Vitamin D nur begrenzt speicherbar. Daher ist eine regelm\u00e4\u00dfige Erg\u00e4nzung der Nahrung besonders in der sonnenarmen Zeit sinnvoll. Mit der Entdeckung weiterer Angriffspunkte von Vitamin D ergibt sich eine Vielzahl neuer Anwendungsm\u00f6glichkeiten, die heute weit \u00fcber den bekannten knochenmineralisierenden Effekt hinaus gehen. So spielt das Vitamin beispielsweise in der Muskulatur, im Gehirn, in der Haut und in den Zellen des Immunsystems eine bedeutende Rolle.<\/p>\n","protected":false},"excerpt":{"rendered":"<p>Vitamin D3 (Colecalciferol) geh\u00f6rt zur Gruppe der fettl\u00f6slichen Vitamine. In der Nahrung kommt Vitamin D3 im Wesentlichen in Lebertran und anderen tierischen Fetten wie Milch und Butter vor. Definitionsgem\u00e4\u00df sind Vitamine Verbindungen, die der K\u00f6rper f\u00fcr lebenswichtige Funktionen ben\u00f6tigt, die aber von ihm selbst nicht bzw. nicht ausreichend hergestellt werden k\u00f6nnen. Daher sollten sie regelm\u00e4\u00dfig [&hellip;]<\/p>\n","protected":false},"featured_media":77575,"template":"","meta":{"_acf_changed":false},"product_brand":[371],"product_cat":[810],"product_tag":[],"class_list":{"0":"post-77573","1":"product","2":"type-product","3":"status-publish","4":"has-post-thumbnail","6":"product_brand-gall-pharma","7":"product_cat-g","8":"pa_packungsgroesse-90-stueck","10":"first","11":"instock","12":"shipping-taxable","13":"purchasable","14":"product-type-simple"},"acf":[],"_links":{"self":[{"href":"https:\/\/www.ernstbrunn-apotheke.at\/katalog\/wp-json\/wp\/v2\/product\/77573","targetHints":{"allow":["GET"]}}],"collection":[{"href":"https:\/\/www.ernstbrunn-apotheke.at\/katalog\/wp-json\/wp\/v2\/product"}],"about":[{"href":"https:\/\/www.ernstbrunn-apotheke.at\/katalog\/wp-json\/wp\/v2\/types\/product"}],"wp:featuredmedia":[{"embeddable":true,"href":"https:\/\/www.ernstbrunn-apotheke.at\/katalog\/wp-json\/wp\/v2\/media\/77575"}],"wp:attachment":[{"href":"https:\/\/www.ernstbrunn-apotheke.at\/katalog\/wp-json\/wp\/v2\/media?parent=77573"}],"wp:term":[{"taxonomy":"product_brand","embeddable":true,"href":"https:\/\/www.ernstbrunn-apotheke.at\/katalog\/wp-json\/wp\/v2\/product_brand?post=77573"},{"taxonomy":"product_cat","embeddable":true,"href":"https:\/\/www.ernstbrunn-apotheke.at\/katalog\/wp-json\/wp\/v2\/product_cat?post=77573"},{"taxonomy":"product_tag","embeddable":true,"href":"https:\/\/www.ernstbrunn-apotheke.at\/katalog\/wp-json\/wp\/v2\/product_tag?post=77573"}],"curies":[{"name":"wp","href":"https:\/\/api.w.org\/{rel}","templated":true}]}}