{"id":77548,"date":"2025-11-11T22:00:59","date_gmt":"2025-11-11T21:00:59","guid":{"rendered":"https:\/\/www.ernstbrunn-apotheke.at\/katalog\/produkt\/anatis-aminosaeuren-2\/"},"modified":"2025-12-08T18:53:56","modified_gmt":"2025-12-08T17:53:56","slug":"anatis-aminosaeuren-2","status":"publish","type":"product","link":"https:\/\/www.ernstbrunn-apotheke.at\/katalog\/produkt\/anatis-aminosaeuren-2\/","title":{"rendered":"Anatis Aminos\u00e4uren"},"content":{"rendered":"<p>Anatis Aminos\u00e4uren III Kapseln k\u00f6nnen eine Schl\u00fcsselfunktion f\u00fcr die Gesundheit der Gef\u00e4\u00dfe und bei der Gewichtskontrolle einnehmen. Aminos\u00e4uren III werden aus Pflanzen und Federn gewonnen. Sie enthalten L-Arginin, L-Carnitin, L-Cystein, Taurin, Tyrosin. Der K\u00f6rper nimmt Aminos\u00e4uren aus tierischer und pflanzlicher Nahrung auf und wandelt sie in etwa 100.000 neue Eiwei\u00dfverbindungen um, die die vielf\u00e4ltigsten Aufgaben erf\u00fcllen.<\/p>\n","protected":false},"excerpt":{"rendered":"<p>Anatis Aminos\u00e4uren III Kapseln k\u00f6nnen eine Schl\u00fcsselfunktion f\u00fcr die Gesundheit der Gef\u00e4\u00dfe und bei der Gewichtskontrolle einnehmen. Aminos\u00e4uren III werden aus Pflanzen und Federn gewonnen. Sie enthalten L-Arginin, L-Carnitin, L-Cystein, Taurin, Tyrosin. Der K\u00f6rper nimmt Aminos\u00e4uren aus tierischer und pflanzlicher Nahrung auf und wandelt sie in etwa 100.000 neue Eiwei\u00dfverbindungen um, die die vielf\u00e4ltigsten Aufgaben [&hellip;]<\/p>\n","protected":false},"featured_media":0,"template":"","meta":{"_acf_changed":false},"product_brand":[453],"product_cat":[801],"product_tag":[],"class_list":{"0":"post-77548","1":"product","2":"type-product","3":"status-publish","5":"product_brand-anatis","6":"product_cat-a","7":"pa_packungsgroesse-180-stueck","9":"first","10":"instock","11":"shipping-taxable","12":"purchasable","13":"product-type-simple"},"acf":[],"_links":{"self":[{"href":"https:\/\/www.ernstbrunn-apotheke.at\/katalog\/wp-json\/wp\/v2\/product\/77548","targetHints":{"allow":["GET"]}}],"collection":[{"href":"https:\/\/www.ernstbrunn-apotheke.at\/katalog\/wp-json\/wp\/v2\/product"}],"about":[{"href":"https:\/\/www.ernstbrunn-apotheke.at\/katalog\/wp-json\/wp\/v2\/types\/product"}],"wp:attachment":[{"href":"https:\/\/www.ernstbrunn-apotheke.at\/katalog\/wp-json\/wp\/v2\/media?parent=77548"}],"wp:term":[{"taxonomy":"product_brand","embeddable":true,"href":"https:\/\/www.ernstbrunn-apotheke.at\/katalog\/wp-json\/wp\/v2\/product_brand?post=77548"},{"taxonomy":"product_cat","embeddable":true,"href":"https:\/\/www.ernstbrunn-apotheke.at\/katalog\/wp-json\/wp\/v2\/product_cat?post=77548"},{"taxonomy":"product_tag","embeddable":true,"href":"https:\/\/www.ernstbrunn-apotheke.at\/katalog\/wp-json\/wp\/v2\/product_tag?post=77548"}],"curies":[{"name":"wp","href":"https:\/\/api.w.org\/{rel}","templated":true}]}}