{"id":77540,"date":"2025-11-11T22:00:12","date_gmt":"2025-11-11T21:00:12","guid":{"rendered":"https:\/\/www.ernstbrunn-apotheke.at\/katalog\/produkt\/madara-plum-plum-lippenbalsam-15-ml\/"},"modified":"2025-12-08T18:53:55","modified_gmt":"2025-12-08T17:53:55","slug":"madara-plum-plum-lippenbalsam-15-ml","status":"publish","type":"product","link":"https:\/\/www.ernstbrunn-apotheke.at\/katalog\/produkt\/madara-plum-plum-lippenbalsam-15-ml\/","title":{"rendered":"Madara Plum Plum Lippenbalsam 15 ml"},"content":{"rendered":"<p>Madara Plum Plum Lippenbalsam ist sowohl f\u00fcr M\u00e4nner- als auch Frauenlippen hervorragend geeignet. Verj\u00fcngendes Pflaumenkern\u00f6l hydratisiert die Lippen und macht sie samtweich und wunderbar geschmeidig. So sind Sie und Ihre Lippen dank des pflegenden Lippenbalsams perfekt f\u00fcr jede Gelegenheit vorbereitet.<\/p>\n","protected":false},"excerpt":{"rendered":"<p>Madara Plum Plum Lippenbalsam ist sowohl f\u00fcr M\u00e4nner- als auch Frauenlippen hervorragend geeignet. Verj\u00fcngendes Pflaumenkern\u00f6l hydratisiert die Lippen und macht sie samtweich und wunderbar geschmeidig. So sind Sie und Ihre Lippen dank des pflegenden Lippenbalsams perfekt f\u00fcr jede Gelegenheit vorbereitet.<\/p>\n","protected":false},"featured_media":77542,"template":"","meta":{"_acf_changed":false},"product_brand":[1253],"product_cat":[800],"product_tag":[],"class_list":{"0":"post-77540","1":"product","2":"type-product","3":"status-publish","4":"has-post-thumbnail","6":"product_brand-madara","7":"product_cat-m","8":"pa_packungsgroesse-15ml","10":"first","11":"instock","12":"shipping-taxable","13":"purchasable","14":"product-type-simple"},"acf":[],"_links":{"self":[{"href":"https:\/\/www.ernstbrunn-apotheke.at\/katalog\/wp-json\/wp\/v2\/product\/77540","targetHints":{"allow":["GET"]}}],"collection":[{"href":"https:\/\/www.ernstbrunn-apotheke.at\/katalog\/wp-json\/wp\/v2\/product"}],"about":[{"href":"https:\/\/www.ernstbrunn-apotheke.at\/katalog\/wp-json\/wp\/v2\/types\/product"}],"wp:featuredmedia":[{"embeddable":true,"href":"https:\/\/www.ernstbrunn-apotheke.at\/katalog\/wp-json\/wp\/v2\/media\/77542"}],"wp:attachment":[{"href":"https:\/\/www.ernstbrunn-apotheke.at\/katalog\/wp-json\/wp\/v2\/media?parent=77540"}],"wp:term":[{"taxonomy":"product_brand","embeddable":true,"href":"https:\/\/www.ernstbrunn-apotheke.at\/katalog\/wp-json\/wp\/v2\/product_brand?post=77540"},{"taxonomy":"product_cat","embeddable":true,"href":"https:\/\/www.ernstbrunn-apotheke.at\/katalog\/wp-json\/wp\/v2\/product_cat?post=77540"},{"taxonomy":"product_tag","embeddable":true,"href":"https:\/\/www.ernstbrunn-apotheke.at\/katalog\/wp-json\/wp\/v2\/product_tag?post=77540"}],"curies":[{"name":"wp","href":"https:\/\/api.w.org\/{rel}","templated":true}]}}