{"id":77523,"date":"2025-11-11T22:00:12","date_gmt":"2025-11-11T21:00:12","guid":{"rendered":"https:\/\/www.ernstbrunn-apotheke.at\/katalog\/produkt\/sojall-trinko-bio-1000-ml\/"},"modified":"2025-12-08T18:53:49","modified_gmt":"2025-12-08T17:53:49","slug":"sojall-trinko-bio-1000-ml","status":"publish","type":"product","link":"https:\/\/www.ernstbrunn-apotheke.at\/katalog\/produkt\/sojall-trinko-bio-1000-ml\/","title":{"rendered":"SOJALL Trinko Bio 1000 ml"},"content":{"rendered":"<p>Sojall Trinko Bio ist ein fruchtiges Bio-Fermentgetr\u00e4nk in Premium-Qualit\u00e4t, mit Aronia, Granatapfel, Holunder, rote Weintraube, Topinambur und Milchs\u00e4ure. Trinko ist f\u00fcr Kinder ebenso geeignet wie f\u00fcr Senioren oder auch Leistungssportler. Zum t\u00e4glichen Verzehr in allen Lebenslagen.<\/p>\n","protected":false},"excerpt":{"rendered":"<p>Sojall Trinko Bio ist ein fruchtiges Bio-Fermentgetr\u00e4nk in Premium-Qualit\u00e4t, mit Aronia, Granatapfel, Holunder, rote Weintraube, Topinambur und Milchs\u00e4ure. Trinko ist f\u00fcr Kinder ebenso geeignet wie f\u00fcr Senioren oder auch Leistungssportler. Zum t\u00e4glichen Verzehr in allen Lebenslagen.<\/p>\n","protected":false},"featured_media":77525,"template":"","meta":{"_acf_changed":false},"product_brand":[],"product_cat":[791],"product_tag":[],"class_list":{"0":"post-77523","1":"product","2":"type-product","3":"status-publish","4":"has-post-thumbnail","6":"product_cat-s","7":"pa_packungsgroesse-1l","9":"first","10":"instock","11":"shipping-taxable","12":"purchasable","13":"product-type-simple"},"acf":[],"_links":{"self":[{"href":"https:\/\/www.ernstbrunn-apotheke.at\/katalog\/wp-json\/wp\/v2\/product\/77523","targetHints":{"allow":["GET"]}}],"collection":[{"href":"https:\/\/www.ernstbrunn-apotheke.at\/katalog\/wp-json\/wp\/v2\/product"}],"about":[{"href":"https:\/\/www.ernstbrunn-apotheke.at\/katalog\/wp-json\/wp\/v2\/types\/product"}],"wp:featuredmedia":[{"embeddable":true,"href":"https:\/\/www.ernstbrunn-apotheke.at\/katalog\/wp-json\/wp\/v2\/media\/77525"}],"wp:attachment":[{"href":"https:\/\/www.ernstbrunn-apotheke.at\/katalog\/wp-json\/wp\/v2\/media?parent=77523"}],"wp:term":[{"taxonomy":"product_brand","embeddable":true,"href":"https:\/\/www.ernstbrunn-apotheke.at\/katalog\/wp-json\/wp\/v2\/product_brand?post=77523"},{"taxonomy":"product_cat","embeddable":true,"href":"https:\/\/www.ernstbrunn-apotheke.at\/katalog\/wp-json\/wp\/v2\/product_cat?post=77523"},{"taxonomy":"product_tag","embeddable":true,"href":"https:\/\/www.ernstbrunn-apotheke.at\/katalog\/wp-json\/wp\/v2\/product_tag?post=77523"}],"curies":[{"name":"wp","href":"https:\/\/api.w.org\/{rel}","templated":true}]}}