{"id":77443,"date":"2025-11-11T21:58:29","date_gmt":"2025-11-11T20:58:29","guid":{"rendered":"https:\/\/www.ernstbrunn-apotheke.at\/katalog\/produkt\/himalaya-ursalz-speisesalz-solesteine-1-kg\/"},"modified":"2025-12-08T18:53:11","modified_gmt":"2025-12-08T17:53:11","slug":"himalaya-ursalz-speisesalz-solesteine-1-kg","status":"publish","type":"product","link":"https:\/\/www.ernstbrunn-apotheke.at\/katalog\/produkt\/himalaya-ursalz-speisesalz-solesteine-1-kg\/","title":{"rendered":"Himalaya Ursalz Speisesalz Solesteine 1 kg"},"content":{"rendered":"<p>Himalaya Ursalz Speisesalz Solesteine 1 kg ist ein rosafarbenes Steinsalz aus Pakistan. Es ist Millionen Jahre alt und erh\u00e4lt seine Rosafarbe durch Eiseneinschl\u00fcsse. Dieses edle Steinsalz schmeckt nicht nur ganz besonders, ihm werden dar\u00fcber hinaus auch heilende Kr\u00e4fte nachgesagt<\/p>\n","protected":false},"excerpt":{"rendered":"<p>Himalaya Ursalz Speisesalz Solesteine 1 kg ist ein rosafarbenes Steinsalz aus Pakistan. Es ist Millionen Jahre alt und erh\u00e4lt seine Rosafarbe durch Eiseneinschl\u00fcsse. Dieses edle Steinsalz schmeckt nicht nur ganz besonders, ihm werden dar\u00fcber hinaus auch heilende Kr\u00e4fte nachgesagt<\/p>\n","protected":false},"featured_media":77445,"template":"","meta":{"_acf_changed":false},"product_brand":[],"product_cat":[805],"product_tag":[],"class_list":{"0":"post-77443","1":"product","2":"type-product","3":"status-publish","4":"has-post-thumbnail","6":"product_cat-h","7":"pa_packungsgroesse-1kg","9":"first","10":"instock","11":"shipping-taxable","12":"purchasable","13":"product-type-simple"},"acf":[],"_links":{"self":[{"href":"https:\/\/www.ernstbrunn-apotheke.at\/katalog\/wp-json\/wp\/v2\/product\/77443","targetHints":{"allow":["GET"]}}],"collection":[{"href":"https:\/\/www.ernstbrunn-apotheke.at\/katalog\/wp-json\/wp\/v2\/product"}],"about":[{"href":"https:\/\/www.ernstbrunn-apotheke.at\/katalog\/wp-json\/wp\/v2\/types\/product"}],"wp:featuredmedia":[{"embeddable":true,"href":"https:\/\/www.ernstbrunn-apotheke.at\/katalog\/wp-json\/wp\/v2\/media\/77445"}],"wp:attachment":[{"href":"https:\/\/www.ernstbrunn-apotheke.at\/katalog\/wp-json\/wp\/v2\/media?parent=77443"}],"wp:term":[{"taxonomy":"product_brand","embeddable":true,"href":"https:\/\/www.ernstbrunn-apotheke.at\/katalog\/wp-json\/wp\/v2\/product_brand?post=77443"},{"taxonomy":"product_cat","embeddable":true,"href":"https:\/\/www.ernstbrunn-apotheke.at\/katalog\/wp-json\/wp\/v2\/product_cat?post=77443"},{"taxonomy":"product_tag","embeddable":true,"href":"https:\/\/www.ernstbrunn-apotheke.at\/katalog\/wp-json\/wp\/v2\/product_tag?post=77443"}],"curies":[{"name":"wp","href":"https:\/\/api.w.org\/{rel}","templated":true}]}}