{"id":77433,"date":"2025-11-11T21:58:29","date_gmt":"2025-11-11T20:58:29","guid":{"rendered":"https:\/\/www.ernstbrunn-apotheke.at\/katalog\/produkt\/bioderma-node-k-anti-schuppen-shampoo-150-ml\/"},"modified":"2025-12-08T18:53:10","modified_gmt":"2025-12-08T17:53:10","slug":"bioderma-node-k-anti-schuppen-shampoo-150-ml","status":"publish","type":"product","link":"https:\/\/www.ernstbrunn-apotheke.at\/katalog\/produkt\/bioderma-node-k-anti-schuppen-shampoo-150-ml\/","title":{"rendered":"Bioderma Nod\u00e9 K Anti-Schuppen-Shampoo 150 ml"},"content":{"rendered":"<p>Bioderma Nod\u00e9 K Anti-Schuppen-Shampoo 150 ml bei Kopfhautpsoriasis. F\u00fcr hartn\u00e4ckige Schuppen mit starker Plaquebildung und dauerhaften Juckreiz. Schuppenkrusten werden gel\u00f6st und der Juckreiz sofort gelindert. Die Neubildung von Plaques wird verhindert. Ohne Parabene, ohne Duftstoffe.<\/p>\n","protected":false},"excerpt":{"rendered":"<p>Bioderma Nod\u00e9 K Anti-Schuppen-Shampoo 150 ml bei Kopfhautpsoriasis. F\u00fcr hartn\u00e4ckige Schuppen mit starker Plaquebildung und dauerhaften Juckreiz. Schuppenkrusten werden gel\u00f6st und der Juckreiz sofort gelindert. Die Neubildung von Plaques wird verhindert. Ohne Parabene, ohne Duftstoffe.<\/p>\n","protected":false},"featured_media":77435,"template":"","meta":{"_acf_changed":false},"product_brand":[657],"product_cat":[802],"product_tag":[],"class_list":{"0":"post-77433","1":"product","2":"type-product","3":"status-publish","4":"has-post-thumbnail","6":"product_brand-bioderma","7":"product_cat-b","8":"pa_packungsgroesse-150ml","10":"first","11":"instock","12":"shipping-taxable","13":"purchasable","14":"product-type-simple"},"acf":[],"_links":{"self":[{"href":"https:\/\/www.ernstbrunn-apotheke.at\/katalog\/wp-json\/wp\/v2\/product\/77433","targetHints":{"allow":["GET"]}}],"collection":[{"href":"https:\/\/www.ernstbrunn-apotheke.at\/katalog\/wp-json\/wp\/v2\/product"}],"about":[{"href":"https:\/\/www.ernstbrunn-apotheke.at\/katalog\/wp-json\/wp\/v2\/types\/product"}],"wp:featuredmedia":[{"embeddable":true,"href":"https:\/\/www.ernstbrunn-apotheke.at\/katalog\/wp-json\/wp\/v2\/media\/77435"}],"wp:attachment":[{"href":"https:\/\/www.ernstbrunn-apotheke.at\/katalog\/wp-json\/wp\/v2\/media?parent=77433"}],"wp:term":[{"taxonomy":"product_brand","embeddable":true,"href":"https:\/\/www.ernstbrunn-apotheke.at\/katalog\/wp-json\/wp\/v2\/product_brand?post=77433"},{"taxonomy":"product_cat","embeddable":true,"href":"https:\/\/www.ernstbrunn-apotheke.at\/katalog\/wp-json\/wp\/v2\/product_cat?post=77433"},{"taxonomy":"product_tag","embeddable":true,"href":"https:\/\/www.ernstbrunn-apotheke.at\/katalog\/wp-json\/wp\/v2\/product_tag?post=77433"}],"curies":[{"name":"wp","href":"https:\/\/api.w.org\/{rel}","templated":true}]}}