{"id":77427,"date":"2025-11-11T21:58:29","date_gmt":"2025-11-11T20:58:29","guid":{"rendered":"https:\/\/www.ernstbrunn-apotheke.at\/katalog\/produkt\/sonnentor-eukalyptusfrische-saunaoel-aetherisches-oel-10-ml\/"},"modified":"2025-12-08T18:53:06","modified_gmt":"2025-12-08T17:53:06","slug":"sonnentor-eukalyptusfrische-saunaoel-aetherisches-oel-10-ml","status":"publish","type":"product","link":"https:\/\/www.ernstbrunn-apotheke.at\/katalog\/produkt\/sonnentor-eukalyptusfrische-saunaoel-aetherisches-oel-10-ml\/","title":{"rendered":"Sonnentor Eukalyptusfrische Sauna\u00f6l \u00e4therisches \u00d6l 10 ml"},"content":{"rendered":"<p>Sonnentor Eukalyptusfrische Sauna\u00f6l \u00e4therisches \u00d6l 10 ml ist eine wahrlich feine Komposition aus Eukalyptus, Zitroneneukalyptus, Pfefferminze und Wacholder und macht diese Mischung zu einem gro\u00dfartigen Begleiter f\u00fcr jeden Saunagang. Die Kompositionen verzaubert ebenso in der Duftlampe oder eignet sich auch hervorragend zum Mischen von K\u00f6rper\u00f6len. Nicht zur Einnahme bestimmt!<\/p>\n","protected":false},"excerpt":{"rendered":"<p>Sonnentor Eukalyptusfrische Sauna\u00f6l \u00e4therisches \u00d6l 10 ml ist eine wahrlich feine Komposition aus Eukalyptus, Zitroneneukalyptus, Pfefferminze und Wacholder und macht diese Mischung zu einem gro\u00dfartigen Begleiter f\u00fcr jeden Saunagang. Die Kompositionen verzaubert ebenso in der Duftlampe oder eignet sich auch hervorragend zum Mischen von K\u00f6rper\u00f6len. Nicht zur Einnahme bestimmt!<\/p>\n","protected":false},"featured_media":77429,"template":"","meta":{"_acf_changed":false},"product_brand":[925],"product_cat":[791],"product_tag":[],"class_list":{"0":"post-77427","1":"product","2":"type-product","3":"status-publish","4":"has-post-thumbnail","6":"product_brand-sonnentor","7":"product_cat-s","8":"pa_packungsgroesse-10ml","10":"first","11":"instock","12":"shipping-taxable","13":"purchasable","14":"product-type-simple"},"acf":[],"_links":{"self":[{"href":"https:\/\/www.ernstbrunn-apotheke.at\/katalog\/wp-json\/wp\/v2\/product\/77427","targetHints":{"allow":["GET"]}}],"collection":[{"href":"https:\/\/www.ernstbrunn-apotheke.at\/katalog\/wp-json\/wp\/v2\/product"}],"about":[{"href":"https:\/\/www.ernstbrunn-apotheke.at\/katalog\/wp-json\/wp\/v2\/types\/product"}],"wp:featuredmedia":[{"embeddable":true,"href":"https:\/\/www.ernstbrunn-apotheke.at\/katalog\/wp-json\/wp\/v2\/media\/77429"}],"wp:attachment":[{"href":"https:\/\/www.ernstbrunn-apotheke.at\/katalog\/wp-json\/wp\/v2\/media?parent=77427"}],"wp:term":[{"taxonomy":"product_brand","embeddable":true,"href":"https:\/\/www.ernstbrunn-apotheke.at\/katalog\/wp-json\/wp\/v2\/product_brand?post=77427"},{"taxonomy":"product_cat","embeddable":true,"href":"https:\/\/www.ernstbrunn-apotheke.at\/katalog\/wp-json\/wp\/v2\/product_cat?post=77427"},{"taxonomy":"product_tag","embeddable":true,"href":"https:\/\/www.ernstbrunn-apotheke.at\/katalog\/wp-json\/wp\/v2\/product_tag?post=77427"}],"curies":[{"name":"wp","href":"https:\/\/api.w.org\/{rel}","templated":true}]}}