{"id":77410,"date":"2025-11-11T21:58:29","date_gmt":"2025-11-11T20:58:29","guid":{"rendered":"https:\/\/www.ernstbrunn-apotheke.at\/katalog\/produkt\/madara-colour-and-shine-250-ml-shampoo\/"},"modified":"2025-12-08T18:53:02","modified_gmt":"2025-12-08T17:53:02","slug":"madara-colour-and-shine-250-ml-shampoo","status":"publish","type":"product","link":"https:\/\/www.ernstbrunn-apotheke.at\/katalog\/produkt\/madara-colour-and-shine-250-ml-shampoo\/","title":{"rendered":"Madara Colour and Shine 250 ml Shampoo"},"content":{"rendered":"<p>Madara Colour and Shine Shampoo liebt coloriertes Haar und reinigt dank Brennessel, Leinsamen, Wegerich, Kastanie und Apfel unglaublich sanft und pflegend. Das hochwertige Wohlf\u00fchl-Shampoo sch\u00fctzt Ihren Farbton und sorgt dabei f\u00fcr herrliche Farbintensit\u00e4t. F\u00fcr ein optimales Ergebnis danach sollten Sie den M\u00e1dara Colour &#038; Shine Conditioner anwenden. mit hohem Rabatt!<\/p>\n","protected":false},"excerpt":{"rendered":"<p>Madara Colour and Shine Shampoo liebt coloriertes Haar und reinigt dank Brennessel, Leinsamen, Wegerich, Kastanie und Apfel unglaublich sanft und pflegend. Das hochwertige Wohlf\u00fchl-Shampoo sch\u00fctzt Ihren Farbton und sorgt dabei f\u00fcr herrliche Farbintensit\u00e4t. F\u00fcr ein optimales Ergebnis danach sollten Sie den M\u00e1dara Colour &#038; Shine Conditioner anwenden. mit hohem Rabatt!<\/p>\n","protected":false},"featured_media":77412,"template":"","meta":{"_acf_changed":false},"product_brand":[1253],"product_cat":[800],"product_tag":[],"class_list":{"0":"post-77410","1":"product","2":"type-product","3":"status-publish","4":"has-post-thumbnail","6":"product_brand-madara","7":"product_cat-m","8":"pa_packungsgroesse-250ml","10":"first","11":"instock","12":"shipping-taxable","13":"purchasable","14":"product-type-simple"},"acf":[],"_links":{"self":[{"href":"https:\/\/www.ernstbrunn-apotheke.at\/katalog\/wp-json\/wp\/v2\/product\/77410","targetHints":{"allow":["GET"]}}],"collection":[{"href":"https:\/\/www.ernstbrunn-apotheke.at\/katalog\/wp-json\/wp\/v2\/product"}],"about":[{"href":"https:\/\/www.ernstbrunn-apotheke.at\/katalog\/wp-json\/wp\/v2\/types\/product"}],"wp:featuredmedia":[{"embeddable":true,"href":"https:\/\/www.ernstbrunn-apotheke.at\/katalog\/wp-json\/wp\/v2\/media\/77412"}],"wp:attachment":[{"href":"https:\/\/www.ernstbrunn-apotheke.at\/katalog\/wp-json\/wp\/v2\/media?parent=77410"}],"wp:term":[{"taxonomy":"product_brand","embeddable":true,"href":"https:\/\/www.ernstbrunn-apotheke.at\/katalog\/wp-json\/wp\/v2\/product_brand?post=77410"},{"taxonomy":"product_cat","embeddable":true,"href":"https:\/\/www.ernstbrunn-apotheke.at\/katalog\/wp-json\/wp\/v2\/product_cat?post=77410"},{"taxonomy":"product_tag","embeddable":true,"href":"https:\/\/www.ernstbrunn-apotheke.at\/katalog\/wp-json\/wp\/v2\/product_tag?post=77410"}],"curies":[{"name":"wp","href":"https:\/\/api.w.org\/{rel}","templated":true}]}}