{"id":77408,"date":"2025-11-11T21:58:29","date_gmt":"2025-11-11T20:58:29","guid":{"rendered":"https:\/\/www.ernstbrunn-apotheke.at\/katalog\/produkt\/ren-moroccan-rose-body-wash-200-ml\/"},"modified":"2025-12-08T18:53:01","modified_gmt":"2025-12-08T17:53:01","slug":"ren-moroccan-rose-body-wash-200-ml","status":"publish","type":"product","link":"https:\/\/www.ernstbrunn-apotheke.at\/katalog\/produkt\/ren-moroccan-rose-body-wash-200-ml\/","title":{"rendered":"Ren Moroccan Rose Body Wash 200 ml"},"content":{"rendered":"<p>Ren Moroccan Rose Body Wash enth\u00e4lt erhabene und teure \u00e4therische \u00d6le und ist speziell f\u00fcr trockene und empfindliche Haut konzipiert. Sein exquisiter Duft hat auch stresslindernde und beruhigende Eigenschaften. Die Pflege verwendet nur hundertprozentig nat\u00fcrliche Duftstoffe und ist frei von harten Sulfaten und synthetischen Farben.<\/p>\n","protected":false},"excerpt":{"rendered":"<p>Ren Moroccan Rose Body Wash enth\u00e4lt erhabene und teure \u00e4therische \u00d6le und ist speziell f\u00fcr trockene und empfindliche Haut konzipiert. Sein exquisiter Duft hat auch stresslindernde und beruhigende Eigenschaften. Die Pflege verwendet nur hundertprozentig nat\u00fcrliche Duftstoffe und ist frei von harten Sulfaten und synthetischen Farben.<\/p>\n","protected":false},"featured_media":0,"template":"","meta":{"_acf_changed":false},"product_brand":[],"product_cat":[808],"product_tag":[],"class_list":{"0":"post-77408","1":"product","2":"type-product","3":"status-publish","5":"product_cat-r","6":"pa_packungsgroesse-200ml","8":"first","9":"instock","10":"shipping-taxable","11":"purchasable","12":"product-type-simple"},"acf":[],"_links":{"self":[{"href":"https:\/\/www.ernstbrunn-apotheke.at\/katalog\/wp-json\/wp\/v2\/product\/77408","targetHints":{"allow":["GET"]}}],"collection":[{"href":"https:\/\/www.ernstbrunn-apotheke.at\/katalog\/wp-json\/wp\/v2\/product"}],"about":[{"href":"https:\/\/www.ernstbrunn-apotheke.at\/katalog\/wp-json\/wp\/v2\/types\/product"}],"wp:attachment":[{"href":"https:\/\/www.ernstbrunn-apotheke.at\/katalog\/wp-json\/wp\/v2\/media?parent=77408"}],"wp:term":[{"taxonomy":"product_brand","embeddable":true,"href":"https:\/\/www.ernstbrunn-apotheke.at\/katalog\/wp-json\/wp\/v2\/product_brand?post=77408"},{"taxonomy":"product_cat","embeddable":true,"href":"https:\/\/www.ernstbrunn-apotheke.at\/katalog\/wp-json\/wp\/v2\/product_cat?post=77408"},{"taxonomy":"product_tag","embeddable":true,"href":"https:\/\/www.ernstbrunn-apotheke.at\/katalog\/wp-json\/wp\/v2\/product_tag?post=77408"}],"curies":[{"name":"wp","href":"https:\/\/api.w.org\/{rel}","templated":true}]}}