{"id":77363,"date":"2025-11-11T21:57:38","date_gmt":"2025-11-11T20:57:38","guid":{"rendered":"https:\/\/www.ernstbrunn-apotheke.at\/katalog\/produkt\/strath-original-fluessig-500-ml\/"},"modified":"2025-12-08T18:52:47","modified_gmt":"2025-12-08T17:52:47","slug":"strath-original-fluessig-500-ml","status":"publish","type":"product","link":"https:\/\/www.ernstbrunn-apotheke.at\/katalog\/produkt\/strath-original-fluessig-500-ml\/","title":{"rendered":"Strath Original fl\u00fcssig 500 ml"},"content":{"rendered":"<p>Strath Original fl\u00fcssig 500 ml unterst\u00fctz Sie dabei, den vielseitigen Anspr\u00fcchen des Alltags gewachsen zu sein. Bei einer vitalstoffarmen Ern\u00e4hrung werden mittels Strath Original die Mahlzeiten mit wertvollen nat\u00fcrlichen Vitalstoffen erg\u00e4nzt. Zudem verbessert Strath Original insgesamt die Aufnahme von Vitalstoffen, die durch die Nahrung oder andere Pr\u00e4parate eingenommen werden. In der Fachsprache spricht man vom \u201eT\u00fcr\u00f6ffner Effekt\u201c &#8211; dieses und viele weitere Markenprodukte zu Sonderpreisen bestellen!<\/p>\n","protected":false},"excerpt":{"rendered":"<p>Strath Original fl\u00fcssig 500 ml unterst\u00fctz Sie dabei, den vielseitigen Anspr\u00fcchen des Alltags gewachsen zu sein. Bei einer vitalstoffarmen Ern\u00e4hrung werden mittels Strath Original die Mahlzeiten mit wertvollen nat\u00fcrlichen Vitalstoffen erg\u00e4nzt. Zudem verbessert Strath Original insgesamt die Aufnahme von Vitalstoffen, die durch die Nahrung oder andere Pr\u00e4parate eingenommen werden. In der Fachsprache spricht man vom [&hellip;]<\/p>\n","protected":false},"featured_media":77365,"template":"","meta":{"_acf_changed":false},"product_brand":[],"product_cat":[791],"product_tag":[],"class_list":{"0":"post-77363","1":"product","2":"type-product","3":"status-publish","4":"has-post-thumbnail","6":"product_cat-s","7":"pa_packungsgroesse-500ml","9":"first","10":"instock","11":"shipping-taxable","12":"purchasable","13":"product-type-simple"},"acf":[],"_links":{"self":[{"href":"https:\/\/www.ernstbrunn-apotheke.at\/katalog\/wp-json\/wp\/v2\/product\/77363","targetHints":{"allow":["GET"]}}],"collection":[{"href":"https:\/\/www.ernstbrunn-apotheke.at\/katalog\/wp-json\/wp\/v2\/product"}],"about":[{"href":"https:\/\/www.ernstbrunn-apotheke.at\/katalog\/wp-json\/wp\/v2\/types\/product"}],"wp:featuredmedia":[{"embeddable":true,"href":"https:\/\/www.ernstbrunn-apotheke.at\/katalog\/wp-json\/wp\/v2\/media\/77365"}],"wp:attachment":[{"href":"https:\/\/www.ernstbrunn-apotheke.at\/katalog\/wp-json\/wp\/v2\/media?parent=77363"}],"wp:term":[{"taxonomy":"product_brand","embeddable":true,"href":"https:\/\/www.ernstbrunn-apotheke.at\/katalog\/wp-json\/wp\/v2\/product_brand?post=77363"},{"taxonomy":"product_cat","embeddable":true,"href":"https:\/\/www.ernstbrunn-apotheke.at\/katalog\/wp-json\/wp\/v2\/product_cat?post=77363"},{"taxonomy":"product_tag","embeddable":true,"href":"https:\/\/www.ernstbrunn-apotheke.at\/katalog\/wp-json\/wp\/v2\/product_tag?post=77363"}],"curies":[{"name":"wp","href":"https:\/\/api.w.org\/{rel}","templated":true}]}}