{"id":7735,"date":"2025-11-07T13:30:21","date_gmt":"2025-11-07T12:30:21","guid":{"rendered":"https:\/\/www.ernstbrunn-apotheke.at\/katalog\/produkt\/sedadom-plus-kapseln-sanidom-guter-schlaf-starke-nerven\/"},"modified":"2025-12-08T13:24:17","modified_gmt":"2025-12-08T12:24:17","slug":"sedadom-plus-kapseln-sanidom-guter-schlaf-starke-nerven","status":"publish","type":"product","link":"https:\/\/www.ernstbrunn-apotheke.at\/katalog\/produkt\/sedadom-plus-kapseln-sanidom-guter-schlaf-starke-nerven\/","title":{"rendered":"SEDADOM PLUS Kapseln Sanidom guter Schlaf &#038; starke Nerven"},"content":{"rendered":"<p>Sedadom Plus Kapseln ist ein Nahrungserg\u00e4nzungsmittel, das bei Stress und Schlafst\u00f6rungen Anwendung findet. Es st\u00e4rkt die Nerven und sorgt f\u00fcr einen erholsamen, ruhigen Schlaf..<\/p>\n","protected":false},"excerpt":{"rendered":"<p>Sedadom Plus Kapseln ist ein Nahrungserg\u00e4nzungsmittel, das bei Stress und Schlafst\u00f6rungen Anwendung findet. Es st\u00e4rkt die Nerven und sorgt f\u00fcr einen erholsamen, ruhigen Schlaf..<\/p>\n","protected":false},"featured_media":7737,"template":"","meta":{"_acf_changed":false},"product_brand":[],"product_cat":[791],"product_tag":[],"class_list":{"0":"post-7735","1":"product","2":"type-product","3":"status-publish","4":"has-post-thumbnail","6":"product_cat-s","7":"pa_packungsgroesse-60-stueck","9":"first","10":"instock","11":"shipping-taxable","12":"purchasable","13":"product-type-simple"},"acf":[],"_links":{"self":[{"href":"https:\/\/www.ernstbrunn-apotheke.at\/katalog\/wp-json\/wp\/v2\/product\/7735","targetHints":{"allow":["GET"]}}],"collection":[{"href":"https:\/\/www.ernstbrunn-apotheke.at\/katalog\/wp-json\/wp\/v2\/product"}],"about":[{"href":"https:\/\/www.ernstbrunn-apotheke.at\/katalog\/wp-json\/wp\/v2\/types\/product"}],"wp:featuredmedia":[{"embeddable":true,"href":"https:\/\/www.ernstbrunn-apotheke.at\/katalog\/wp-json\/wp\/v2\/media\/7737"}],"wp:attachment":[{"href":"https:\/\/www.ernstbrunn-apotheke.at\/katalog\/wp-json\/wp\/v2\/media?parent=7735"}],"wp:term":[{"taxonomy":"product_brand","embeddable":true,"href":"https:\/\/www.ernstbrunn-apotheke.at\/katalog\/wp-json\/wp\/v2\/product_brand?post=7735"},{"taxonomy":"product_cat","embeddable":true,"href":"https:\/\/www.ernstbrunn-apotheke.at\/katalog\/wp-json\/wp\/v2\/product_cat?post=7735"},{"taxonomy":"product_tag","embeddable":true,"href":"https:\/\/www.ernstbrunn-apotheke.at\/katalog\/wp-json\/wp\/v2\/product_tag?post=7735"}],"curies":[{"name":"wp","href":"https:\/\/api.w.org\/{rel}","templated":true}]}}