{"id":77311,"date":"2025-11-11T21:56:18","date_gmt":"2025-11-11T20:56:18","guid":{"rendered":"https:\/\/www.ernstbrunn-apotheke.at\/katalog\/produkt\/savoderm-duschbad-ph-5-empfindliche-haut-400-ml\/"},"modified":"2025-12-08T18:52:29","modified_gmt":"2025-12-08T17:52:29","slug":"savoderm-duschbad-ph-5-empfindliche-haut-400-ml","status":"publish","type":"product","link":"https:\/\/www.ernstbrunn-apotheke.at\/katalog\/produkt\/savoderm-duschbad-ph-5-empfindliche-haut-400-ml\/","title":{"rendered":"Savoderm Duschbad pH 5  Empfindliche Haut 400 ml"},"content":{"rendered":"<p>Speziell entwickelt f\u00fcr die empfindliche Haut. Sanfte Reinigung ohne Irritationen. Reinigt mild und sanft mit pH hautneutralen Waschsubstanzen ohne zu reizen. Der Schutzmantel der Haut bleibt intakt. Die Formel mit Provitamin B5 pflegt und sch\u00fctzt die Hautbarriere zus\u00e4tzlich. So bleibt die Haut auch bei h\u00f6ufigem Duschen in gesundem Gleichgewicht.<\/p>\n","protected":false},"excerpt":{"rendered":"<p>Speziell entwickelt f\u00fcr die empfindliche Haut. Sanfte Reinigung ohne Irritationen. Reinigt mild und sanft mit pH hautneutralen Waschsubstanzen ohne zu reizen. Der Schutzmantel der Haut bleibt intakt. Die Formel mit Provitamin B5 pflegt und sch\u00fctzt die Hautbarriere zus\u00e4tzlich. So bleibt die Haut auch bei h\u00f6ufigem Duschen in gesundem Gleichgewicht.<\/p>\n","protected":false},"featured_media":77313,"template":"","meta":{"_acf_changed":false},"product_brand":[],"product_cat":[791],"product_tag":[],"class_list":{"0":"post-77311","1":"product","2":"type-product","3":"status-publish","4":"has-post-thumbnail","6":"product_cat-s","7":"pa_packungsgroesse-400ml","9":"first","10":"instock","11":"shipping-taxable","12":"purchasable","13":"product-type-simple"},"acf":[],"_links":{"self":[{"href":"https:\/\/www.ernstbrunn-apotheke.at\/katalog\/wp-json\/wp\/v2\/product\/77311","targetHints":{"allow":["GET"]}}],"collection":[{"href":"https:\/\/www.ernstbrunn-apotheke.at\/katalog\/wp-json\/wp\/v2\/product"}],"about":[{"href":"https:\/\/www.ernstbrunn-apotheke.at\/katalog\/wp-json\/wp\/v2\/types\/product"}],"wp:featuredmedia":[{"embeddable":true,"href":"https:\/\/www.ernstbrunn-apotheke.at\/katalog\/wp-json\/wp\/v2\/media\/77313"}],"wp:attachment":[{"href":"https:\/\/www.ernstbrunn-apotheke.at\/katalog\/wp-json\/wp\/v2\/media?parent=77311"}],"wp:term":[{"taxonomy":"product_brand","embeddable":true,"href":"https:\/\/www.ernstbrunn-apotheke.at\/katalog\/wp-json\/wp\/v2\/product_brand?post=77311"},{"taxonomy":"product_cat","embeddable":true,"href":"https:\/\/www.ernstbrunn-apotheke.at\/katalog\/wp-json\/wp\/v2\/product_cat?post=77311"},{"taxonomy":"product_tag","embeddable":true,"href":"https:\/\/www.ernstbrunn-apotheke.at\/katalog\/wp-json\/wp\/v2\/product_tag?post=77311"}],"curies":[{"name":"wp","href":"https:\/\/api.w.org\/{rel}","templated":true}]}}