{"id":77270,"date":"2025-11-11T21:55:14","date_gmt":"2025-11-11T20:55:14","guid":{"rendered":"https:\/\/www.ernstbrunn-apotheke.at\/katalog\/produkt\/menssana-zink-selen-kapseln-90-stk\/"},"modified":"2025-12-08T18:52:16","modified_gmt":"2025-12-08T17:52:16","slug":"menssana-zink-selen-kapseln-90-stk","status":"publish","type":"product","link":"https:\/\/www.ernstbrunn-apotheke.at\/katalog\/produkt\/menssana-zink-selen-kapseln-90-stk\/","title":{"rendered":"MensSana Zink-Selen Kapseln 90 Stk."},"content":{"rendered":"<p>MensSana ist ein Familienunternehmen, das sich auf Entwicklung und den Vertrieb von Produkten der Orthomolekularmedizin spezialisiert hat. Im Vordergrund der Bestrebungen steht eine fundierte Schulung der Therapeuten, weil nur dadurch ein sinnvoller Einsatz von Mikron\u00e4hrstoffen gew\u00e4hrleistet ist. Dr. H. Werner Lechner, wendet bereits seit \u00fcber 25 Jahren in seiner Praxis die Mikron\u00e4hrstoffmedizin zur Erg\u00e4nzung der Schulmedizinischen Therapie an. Aus dieser langen Erfahrung heraus &#8211; best\u00e4tigt durch zahlreiche Studien &#8211; hat sich die \u00dcberzeugung entwickelt, dass Mikron\u00e4hrstoffe einen wichtigen Bestandteil des therapeutischen Spektrums darstellen sollten.<\/p>\n","protected":false},"excerpt":{"rendered":"<p>MensSana ist ein Familienunternehmen, das sich auf Entwicklung und den Vertrieb von Produkten der Orthomolekularmedizin spezialisiert hat. Im Vordergrund der Bestrebungen steht eine fundierte Schulung der Therapeuten, weil nur dadurch ein sinnvoller Einsatz von Mikron\u00e4hrstoffen gew\u00e4hrleistet ist. Dr. H. Werner Lechner, wendet bereits seit \u00fcber 25 Jahren in seiner Praxis die Mikron\u00e4hrstoffmedizin zur Erg\u00e4nzung der [&hellip;]<\/p>\n","protected":false},"featured_media":77272,"template":"","meta":{"_acf_changed":false},"product_brand":[],"product_cat":[800],"product_tag":[],"class_list":{"0":"post-77270","1":"product","2":"type-product","3":"status-publish","4":"has-post-thumbnail","6":"product_cat-m","7":"pa_packungsgroesse-90-stueck","9":"first","10":"instock","11":"shipping-taxable","12":"purchasable","13":"product-type-simple"},"acf":[],"_links":{"self":[{"href":"https:\/\/www.ernstbrunn-apotheke.at\/katalog\/wp-json\/wp\/v2\/product\/77270","targetHints":{"allow":["GET"]}}],"collection":[{"href":"https:\/\/www.ernstbrunn-apotheke.at\/katalog\/wp-json\/wp\/v2\/product"}],"about":[{"href":"https:\/\/www.ernstbrunn-apotheke.at\/katalog\/wp-json\/wp\/v2\/types\/product"}],"wp:featuredmedia":[{"embeddable":true,"href":"https:\/\/www.ernstbrunn-apotheke.at\/katalog\/wp-json\/wp\/v2\/media\/77272"}],"wp:attachment":[{"href":"https:\/\/www.ernstbrunn-apotheke.at\/katalog\/wp-json\/wp\/v2\/media?parent=77270"}],"wp:term":[{"taxonomy":"product_brand","embeddable":true,"href":"https:\/\/www.ernstbrunn-apotheke.at\/katalog\/wp-json\/wp\/v2\/product_brand?post=77270"},{"taxonomy":"product_cat","embeddable":true,"href":"https:\/\/www.ernstbrunn-apotheke.at\/katalog\/wp-json\/wp\/v2\/product_cat?post=77270"},{"taxonomy":"product_tag","embeddable":true,"href":"https:\/\/www.ernstbrunn-apotheke.at\/katalog\/wp-json\/wp\/v2\/product_tag?post=77270"}],"curies":[{"name":"wp","href":"https:\/\/api.w.org\/{rel}","templated":true}]}}