{"id":77249,"date":"2025-11-11T21:55:14","date_gmt":"2025-11-11T20:55:14","guid":{"rendered":"https:\/\/www.ernstbrunn-apotheke.at\/katalog\/produkt\/boots-lav-delux-2-stk-beige\/"},"modified":"2025-12-08T18:52:05","modified_gmt":"2025-12-08T17:52:05","slug":"boots-lav-delux-2-stk-beige","status":"publish","type":"product","link":"https:\/\/www.ernstbrunn-apotheke.at\/katalog\/produkt\/boots-lav-delux-2-stk-beige\/","title":{"rendered":"Boots Lav Delux 2 Stk. Beige"},"content":{"rendered":"<p>Boots Lav Delux sind gef\u00fcllt mit einer speziell f\u00fcr die Mikrowelle entwickelten 100% nat\u00fcrlichen Leinsamen-Lavendel-Mischung. Sie wirken wie Ihr pers\u00f6nliches W\u00e4rme-Fu\u00dfbad im Bett oder auf der Couch. Nach nur 90 Sekunden in der Mikrowelle w\u00e4rmen die Pantoffeln f\u00fcr mehrere Stunden Ihre F\u00fc\u00dfe. Die neue Form der Durchblutung. Ideal zur Entspannung und als Einschlafhilfe.<\/p>\n","protected":false},"excerpt":{"rendered":"<p>Boots Lav Delux sind gef\u00fcllt mit einer speziell f\u00fcr die Mikrowelle entwickelten 100% nat\u00fcrlichen Leinsamen-Lavendel-Mischung. Sie wirken wie Ihr pers\u00f6nliches W\u00e4rme-Fu\u00dfbad im Bett oder auf der Couch. Nach nur 90 Sekunden in der Mikrowelle w\u00e4rmen die Pantoffeln f\u00fcr mehrere Stunden Ihre F\u00fc\u00dfe. Die neue Form der Durchblutung. Ideal zur Entspannung und als Einschlafhilfe.<\/p>\n","protected":false},"featured_media":77251,"template":"","meta":{"_acf_changed":false},"product_brand":[],"product_cat":[802],"product_tag":[],"class_list":{"0":"post-77249","1":"product","2":"type-product","3":"status-publish","4":"has-post-thumbnail","6":"product_cat-b","7":"pa_packungsgroesse-1-packungen","9":"first","10":"instock","11":"shipping-taxable","12":"purchasable","13":"product-type-simple"},"acf":[],"_links":{"self":[{"href":"https:\/\/www.ernstbrunn-apotheke.at\/katalog\/wp-json\/wp\/v2\/product\/77249","targetHints":{"allow":["GET"]}}],"collection":[{"href":"https:\/\/www.ernstbrunn-apotheke.at\/katalog\/wp-json\/wp\/v2\/product"}],"about":[{"href":"https:\/\/www.ernstbrunn-apotheke.at\/katalog\/wp-json\/wp\/v2\/types\/product"}],"wp:featuredmedia":[{"embeddable":true,"href":"https:\/\/www.ernstbrunn-apotheke.at\/katalog\/wp-json\/wp\/v2\/media\/77251"}],"wp:attachment":[{"href":"https:\/\/www.ernstbrunn-apotheke.at\/katalog\/wp-json\/wp\/v2\/media?parent=77249"}],"wp:term":[{"taxonomy":"product_brand","embeddable":true,"href":"https:\/\/www.ernstbrunn-apotheke.at\/katalog\/wp-json\/wp\/v2\/product_brand?post=77249"},{"taxonomy":"product_cat","embeddable":true,"href":"https:\/\/www.ernstbrunn-apotheke.at\/katalog\/wp-json\/wp\/v2\/product_cat?post=77249"},{"taxonomy":"product_tag","embeddable":true,"href":"https:\/\/www.ernstbrunn-apotheke.at\/katalog\/wp-json\/wp\/v2\/product_tag?post=77249"}],"curies":[{"name":"wp","href":"https:\/\/api.w.org\/{rel}","templated":true}]}}