{"id":77235,"date":"2025-11-11T21:54:35","date_gmt":"2025-11-11T20:54:35","guid":{"rendered":"https:\/\/www.ernstbrunn-apotheke.at\/katalog\/produkt\/bambus-tee-beutel-25-stk\/"},"modified":"2025-12-08T18:52:02","modified_gmt":"2025-12-08T17:52:02","slug":"bambus-tee-beutel-25-stk","status":"publish","type":"product","link":"https:\/\/www.ernstbrunn-apotheke.at\/katalog\/produkt\/bambus-tee-beutel-25-stk\/","title":{"rendered":"Bambus Tee Beutel 25 Stk."},"content":{"rendered":"<p>Bambus Tee Beutel bilden die Basis eines schmackhaften und gesunden Kr\u00e4utertees. Bambustee ist ein perfekter Durstl\u00f6scher, der kein Teein oder Koffein enth\u00e4lt und deswegen auch abends oder von Kindern getrunken werden kann. Auch abgek\u00fchlt oder als Eistee schmeckt er sehr lecker.<\/p>\n","protected":false},"excerpt":{"rendered":"<p>Bambus Tee Beutel bilden die Basis eines schmackhaften und gesunden Kr\u00e4utertees. Bambustee ist ein perfekter Durstl\u00f6scher, der kein Teein oder Koffein enth\u00e4lt und deswegen auch abends oder von Kindern getrunken werden kann. Auch abgek\u00fchlt oder als Eistee schmeckt er sehr lecker.<\/p>\n","protected":false},"featured_media":0,"template":"","meta":{"_acf_changed":false},"product_brand":[],"product_cat":[802],"product_tag":[],"class_list":{"0":"post-77235","1":"product","2":"type-product","3":"status-publish","5":"product_cat-b","6":"pa_packungsgroesse-25-beutel","8":"first","9":"instock","10":"shipping-taxable","11":"purchasable","12":"product-type-simple"},"acf":[],"_links":{"self":[{"href":"https:\/\/www.ernstbrunn-apotheke.at\/katalog\/wp-json\/wp\/v2\/product\/77235","targetHints":{"allow":["GET"]}}],"collection":[{"href":"https:\/\/www.ernstbrunn-apotheke.at\/katalog\/wp-json\/wp\/v2\/product"}],"about":[{"href":"https:\/\/www.ernstbrunn-apotheke.at\/katalog\/wp-json\/wp\/v2\/types\/product"}],"wp:attachment":[{"href":"https:\/\/www.ernstbrunn-apotheke.at\/katalog\/wp-json\/wp\/v2\/media?parent=77235"}],"wp:term":[{"taxonomy":"product_brand","embeddable":true,"href":"https:\/\/www.ernstbrunn-apotheke.at\/katalog\/wp-json\/wp\/v2\/product_brand?post=77235"},{"taxonomy":"product_cat","embeddable":true,"href":"https:\/\/www.ernstbrunn-apotheke.at\/katalog\/wp-json\/wp\/v2\/product_cat?post=77235"},{"taxonomy":"product_tag","embeddable":true,"href":"https:\/\/www.ernstbrunn-apotheke.at\/katalog\/wp-json\/wp\/v2\/product_tag?post=77235"}],"curies":[{"name":"wp","href":"https:\/\/api.w.org\/{rel}","templated":true}]}}