{"id":77191,"date":"2025-11-11T21:54:01","date_gmt":"2025-11-11T20:54:01","guid":{"rendered":"https:\/\/www.ernstbrunn-apotheke.at\/katalog\/produkt\/healing-herbs-olive-30-ml\/"},"modified":"2025-12-08T18:51:48","modified_gmt":"2025-12-08T17:51:48","slug":"healing-herbs-olive-30-ml","status":"publish","type":"product","link":"https:\/\/www.ernstbrunn-apotheke.at\/katalog\/produkt\/healing-herbs-olive-30-ml\/","title":{"rendered":"Healing Herbs Olive 30 ml"},"content":{"rendered":"<p>Healing Herbs Olive wird besonders bei allen krankhaften St\u00f6rungen empfohlen, die mit Ersch\u00f6pfung einhergehen oder davon ausgel\u00f6st wurden. So dient das Produkt zur Basisbehandlung bei allgemeiner Schw\u00e4che und verringerter Leistungsf\u00e4higkeit, An\u00e4mie sowie Herzinsuffizienz.<\/p>\n","protected":false},"excerpt":{"rendered":"<p>Healing Herbs Olive wird besonders bei allen krankhaften St\u00f6rungen empfohlen, die mit Ersch\u00f6pfung einhergehen oder davon ausgel\u00f6st wurden. So dient das Produkt zur Basisbehandlung bei allgemeiner Schw\u00e4che und verringerter Leistungsf\u00e4higkeit, An\u00e4mie sowie Herzinsuffizienz.<\/p>\n","protected":false},"featured_media":0,"template":"","meta":{"_acf_changed":false},"product_brand":[927],"product_cat":[805],"product_tag":[],"class_list":{"0":"post-77191","1":"product","2":"type-product","3":"status-publish","5":"product_brand-healing-herbs","6":"product_cat-h","7":"pa_packungsgroesse-30ml","9":"first","10":"instock","11":"shipping-taxable","12":"purchasable","13":"product-type-simple"},"acf":[],"_links":{"self":[{"href":"https:\/\/www.ernstbrunn-apotheke.at\/katalog\/wp-json\/wp\/v2\/product\/77191","targetHints":{"allow":["GET"]}}],"collection":[{"href":"https:\/\/www.ernstbrunn-apotheke.at\/katalog\/wp-json\/wp\/v2\/product"}],"about":[{"href":"https:\/\/www.ernstbrunn-apotheke.at\/katalog\/wp-json\/wp\/v2\/types\/product"}],"wp:attachment":[{"href":"https:\/\/www.ernstbrunn-apotheke.at\/katalog\/wp-json\/wp\/v2\/media?parent=77191"}],"wp:term":[{"taxonomy":"product_brand","embeddable":true,"href":"https:\/\/www.ernstbrunn-apotheke.at\/katalog\/wp-json\/wp\/v2\/product_brand?post=77191"},{"taxonomy":"product_cat","embeddable":true,"href":"https:\/\/www.ernstbrunn-apotheke.at\/katalog\/wp-json\/wp\/v2\/product_cat?post=77191"},{"taxonomy":"product_tag","embeddable":true,"href":"https:\/\/www.ernstbrunn-apotheke.at\/katalog\/wp-json\/wp\/v2\/product_tag?post=77191"}],"curies":[{"name":"wp","href":"https:\/\/api.w.org\/{rel}","templated":true}]}}