{"id":77185,"date":"2025-11-11T21:54:01","date_gmt":"2025-11-11T20:54:01","guid":{"rendered":"https:\/\/www.ernstbrunn-apotheke.at\/katalog\/produkt\/adler-pharma-schuessler-nr-22-calcium-carbonicum-1-kg-d-12\/"},"modified":"2025-12-08T18:51:46","modified_gmt":"2025-12-08T17:51:46","slug":"adler-pharma-schuessler-nr-22-calcium-carbonicum-1-kg-d-12","status":"publish","type":"product","link":"https:\/\/www.ernstbrunn-apotheke.at\/katalog\/produkt\/adler-pharma-schuessler-nr-22-calcium-carbonicum-1-kg-d-12\/","title":{"rendered":"Adler Pharma Sch\u00fc\u00dfler Nr. 22 Calcium Carbonicum 1 kg D 12"},"content":{"rendered":"<p>Sch\u00fc\u00dfler Nr. 22 Calcium Carbonicum unterst\u00fctzt vor allem das Wachstum von Knochen und Z\u00e4hnen. Au\u00dferdem sch\u00fctzt es die Haut und Schleimh\u00e4ute vor Entz\u00fcndungen. Des Weiteren f\u00f6rdert Calcium die Abheilung von Hauterkrankungen, reguliert den Kalkstoffwechsel, stabilisiert die Zellmembran und wirkt an der Impuls\u00fcbertragung von Nerven zu Muskeln mit.<\/p>\n","protected":false},"excerpt":{"rendered":"<p>Sch\u00fc\u00dfler Nr. 22 Calcium Carbonicum unterst\u00fctzt vor allem das Wachstum von Knochen und Z\u00e4hnen. Au\u00dferdem sch\u00fctzt es die Haut und Schleimh\u00e4ute vor Entz\u00fcndungen. Des Weiteren f\u00f6rdert Calcium die Abheilung von Hauterkrankungen, reguliert den Kalkstoffwechsel, stabilisiert die Zellmembran und wirkt an der Impuls\u00fcbertragung von Nerven zu Muskeln mit.<\/p>\n","protected":false},"featured_media":77187,"template":"","meta":{"_acf_changed":false},"product_brand":[928],"product_cat":[801],"product_tag":[],"class_list":{"0":"post-77185","1":"product","2":"type-product","3":"status-publish","4":"has-post-thumbnail","6":"product_brand-adler-pharma","7":"product_cat-a","8":"pa_packungsgroesse-1000g","10":"first","11":"instock","12":"shipping-taxable","13":"purchasable","14":"product-type-simple"},"acf":[],"_links":{"self":[{"href":"https:\/\/www.ernstbrunn-apotheke.at\/katalog\/wp-json\/wp\/v2\/product\/77185","targetHints":{"allow":["GET"]}}],"collection":[{"href":"https:\/\/www.ernstbrunn-apotheke.at\/katalog\/wp-json\/wp\/v2\/product"}],"about":[{"href":"https:\/\/www.ernstbrunn-apotheke.at\/katalog\/wp-json\/wp\/v2\/types\/product"}],"wp:featuredmedia":[{"embeddable":true,"href":"https:\/\/www.ernstbrunn-apotheke.at\/katalog\/wp-json\/wp\/v2\/media\/77187"}],"wp:attachment":[{"href":"https:\/\/www.ernstbrunn-apotheke.at\/katalog\/wp-json\/wp\/v2\/media?parent=77185"}],"wp:term":[{"taxonomy":"product_brand","embeddable":true,"href":"https:\/\/www.ernstbrunn-apotheke.at\/katalog\/wp-json\/wp\/v2\/product_brand?post=77185"},{"taxonomy":"product_cat","embeddable":true,"href":"https:\/\/www.ernstbrunn-apotheke.at\/katalog\/wp-json\/wp\/v2\/product_cat?post=77185"},{"taxonomy":"product_tag","embeddable":true,"href":"https:\/\/www.ernstbrunn-apotheke.at\/katalog\/wp-json\/wp\/v2\/product_tag?post=77185"}],"curies":[{"name":"wp","href":"https:\/\/api.w.org\/{rel}","templated":true}]}}