{"id":77179,"date":"2025-11-11T21:54:01","date_gmt":"2025-11-11T20:54:01","guid":{"rendered":"https:\/\/www.ernstbrunn-apotheke.at\/katalog\/produkt\/centrum-capletten-fuer-sie-60-stk\/"},"modified":"2025-12-08T18:51:43","modified_gmt":"2025-12-08T17:51:43","slug":"centrum-capletten-fuer-sie-60-stk","status":"publish","type":"product","link":"https:\/\/www.ernstbrunn-apotheke.at\/katalog\/produkt\/centrum-capletten-fuer-sie-60-stk\/","title":{"rendered":"Centrum Capletten f\u00fcr Sie 60 Stk."},"content":{"rendered":"<p>Nahrungserg\u00e4nzungsmittel mit Vitaminen, Mineralstoffen und Spurenelementen f\u00fcr Frauen.<\/p>\n<p>&#13;<\/p>\n<p>Centrum f\u00fcr Sie wurde an die N\u00e4hrstoffbed\u00fcrfnisse von Frauen angepasst und leistet einen wertvollen Beitrag an wichtigen Vitaminen, Mineralstoffen und Spurenelementen, um die Ern\u00e4hrung von Frauen optimal zu erg\u00e4nzen.<\/p>\n<p>&#13;<\/p>\n<p>Besonders die N\u00e4hrstoffe Calcium, Eisen und Fols\u00e4ure spielen eine gro\u00dfe Rolle bei der Erhaltung der K\u00f6rperfunktion von Frauen. Calcium ist wichtig f\u00fcr den Erhalt der Knochen. Eine ausreichende Eisenzufuhr ist notwendig f\u00fcr die Bildung roter Blutk\u00f6rperchen. Fols\u00e4ure hat eine Funktion bei der Zellteilung und gilt als entscheidend f\u00fcr Frauen im geb\u00e4rf\u00e4higen Alter.<\/p>\n<p>&#13;<\/p>\n<p>Centrum f\u00fcr Sie enth\u00e4lt dar\u00fcber hinaus weitere wichtige sorgf\u00e4ltig aufeinander abgestimmte Vitamine, Mineralstoffe und Spurenelemente. Diese N\u00e4hrstoffe unterst\u00fctzen den Funktionsablauf unseres K\u00f6rpers und sind wie Kohlenhydrate, Fette und Proteine (Eiwei\u00dfe) Bestandteile unserer Lebensmittel, allerdings in sehr viel kleineren Mengen.<\/p>\n<p>&#13;<\/p>\n<p>Diese N\u00e4hrstoffe sind nicht durch andere Stoffe zu ersetzen und m\u00fcssen deshalb dem K\u00f6rper regelm\u00e4\u00dfig mit der Nahrung zugef\u00fchrt werden. Ein erh\u00f6hter Bedarf kann immer wieder auftreten; zumeist sind mehrere N\u00e4hrstoffe zugleich betroffen. Besonders gilt dies f\u00fcr Kinder, Jugendliche, \u00e4ltere Menschen, Schwangere, Stillende und Sportler. Auch bei Erwachsenen, die regelm\u00e4\u00dfig Medikamente einnehmen m\u00fcssen, sich h\u00e4ufig von Fast Food ern\u00e4hren, Di\u00e4ten einhalten oder Schlankheitskuren machen, kann ein erh\u00f6hter Bedarf bestehen.<\/p>\n<p>&#13;<\/p>\n<p>Allgemein gilt: Je unausgewogener die Nahrungsaufnahme ist, desto schwieriger ist es, gen\u00fcgend Vitamine, Mineralstoffe und Spurenelemente aufzunehmen.<\/p>\n<p>&#13;<\/p>\n<p>Vitamine sind unentbehrliche, chemisch sehr unterschiedliche Verbindungen. Sie dienen als Reglersubstanzen im gesamten Stoffwechselgeschehen. Sie sind notwendig f\u00fcr die Funktion von Nerven, Knochen, Zellen und Blutzellen. Vitamine sind in fast allen Lebensmitteln in unterschiedlicher Menge enthalten, haupts\u00e4chlich jedoch in frischem Obst und Gem\u00fcse.<\/p>\n<p>&#13;<\/p>\n<p>Zu den Mineralstoffen geh\u00f6ren Calcium, Phosphor, Magnesium, Natrium, Chlorid und Kalium. Insgesamt liegt der Bestand bei etwa 5 % des K\u00f6rpergewichts. Sie erf\u00fcllen wichtige Aufgaben als Bau- und Reglerstoffe in den Knochen und im Bindegewebe. Au\u00dferdem wirken sie als Aktivatoren oder Bestandteile von Enzymen (= Proteine, die die Reaktionen im K\u00f6rper beschleunigen), Hormonen und roten Blutk\u00f6rperchen. Einige sind an der Aufrechterhaltung der Gewebespannung beteiligt oder sind f\u00fcr die Funktion der Nervenwichtig.<\/p>\n<p>&#13;<\/p>\n<p>Die Gesamtmenge aller im K\u00f6rper vorhandenen Spurenelemente ergibt nur etwa 10g. Trotz der geringen Mengen (Spuren) sind die Spurenelemente Eisen, Jod, Zink, Mangan, Kupfer, Selen, Chrom und Molybd\u00e4n lebensnotwendig. Jetzt online bestellen!<\/p>\n","protected":false},"excerpt":{"rendered":"<p>Nahrungserg\u00e4nzungsmittel mit Vitaminen, Mineralstoffen und Spurenelementen f\u00fcr Frauen. &#13; Centrum f\u00fcr Sie wurde an die N\u00e4hrstoffbed\u00fcrfnisse von Frauen angepasst und leistet einen wertvollen Beitrag an wichtigen Vitaminen, Mineralstoffen und Spurenelementen, um die Ern\u00e4hrung von Frauen optimal zu erg\u00e4nzen. &#13; Besonders die N\u00e4hrstoffe Calcium, Eisen und Fols\u00e4ure spielen eine gro\u00dfe Rolle bei der Erhaltung der K\u00f6rperfunktion [&hellip;]<\/p>\n","protected":false},"featured_media":77181,"template":"","meta":{"_acf_changed":false},"product_brand":[1052],"product_cat":[812],"product_tag":[],"class_list":{"0":"post-77179","1":"product","2":"type-product","3":"status-publish","4":"has-post-thumbnail","6":"product_brand-centrum","7":"product_cat-c","8":"pa_packungsgroesse-60-stueck","10":"first","11":"instock","12":"shipping-taxable","13":"purchasable","14":"product-type-simple"},"acf":[],"_links":{"self":[{"href":"https:\/\/www.ernstbrunn-apotheke.at\/katalog\/wp-json\/wp\/v2\/product\/77179","targetHints":{"allow":["GET"]}}],"collection":[{"href":"https:\/\/www.ernstbrunn-apotheke.at\/katalog\/wp-json\/wp\/v2\/product"}],"about":[{"href":"https:\/\/www.ernstbrunn-apotheke.at\/katalog\/wp-json\/wp\/v2\/types\/product"}],"wp:featuredmedia":[{"embeddable":true,"href":"https:\/\/www.ernstbrunn-apotheke.at\/katalog\/wp-json\/wp\/v2\/media\/77181"}],"wp:attachment":[{"href":"https:\/\/www.ernstbrunn-apotheke.at\/katalog\/wp-json\/wp\/v2\/media?parent=77179"}],"wp:term":[{"taxonomy":"product_brand","embeddable":true,"href":"https:\/\/www.ernstbrunn-apotheke.at\/katalog\/wp-json\/wp\/v2\/product_brand?post=77179"},{"taxonomy":"product_cat","embeddable":true,"href":"https:\/\/www.ernstbrunn-apotheke.at\/katalog\/wp-json\/wp\/v2\/product_cat?post=77179"},{"taxonomy":"product_tag","embeddable":true,"href":"https:\/\/www.ernstbrunn-apotheke.at\/katalog\/wp-json\/wp\/v2\/product_tag?post=77179"}],"curies":[{"name":"wp","href":"https:\/\/api.w.org\/{rel}","templated":true}]}}