{"id":77174,"date":"2025-11-11T21:54:01","date_gmt":"2025-11-11T20:54:01","guid":{"rendered":"https:\/\/www.ernstbrunn-apotheke.at\/katalog\/produkt\/arlberger-arnika-franzbranntwein-1-l\/"},"modified":"2025-12-08T18:51:42","modified_gmt":"2025-12-08T17:51:42","slug":"arlberger-arnika-franzbranntwein-1-l","status":"publish","type":"product","link":"https:\/\/www.ernstbrunn-apotheke.at\/katalog\/produkt\/arlberger-arnika-franzbranntwein-1-l\/","title":{"rendered":"Arlberger Arnika Franzbranntwein 1 L"},"content":{"rendered":"<p>Neben Arnika Tinktur enth\u00e4lt Arnika Franzbranntwein auch erfrischendes Menthol. Diese Kombination ist ideal f\u00fcr eine \u00e4u\u00dferliche Erfrischung bei M\u00fcdigkeit, Muskelkater und Gliederschwere nach sportlichen Aktivit\u00e4ten, Gartenarbeit oder einer langen Wanderung.<\/p>\n<p>&#13;<\/p>\n<p>Vor allem die 250ml Spr\u00fchflasche ist handlich und passt in jeden Wanderrucksack oder jedes Reisegep\u00e4ck hinein und sorgt f\u00fcr den Frischekick on the go.<\/p>\n<p>&#13;<\/p>\n<p>\u00a0<\/p>\n<p>&#13;<\/p>\n<p><strong>Wirkung<\/strong><\/p>\n<p>&#13;<\/p>\n<p>Die Inhaltsstoffe\u00a0Arnikaextrakt,\u00a0Latschenkiefer\u00f6l\u00a0und Menthol f\u00f6rdern die Hautdurchblutung und beschleunigen somit die Regeneration bei Abgeschlagenheit, M\u00fcdigkeit und nach k\u00f6rperlichen Anstrengungen. Alkohol und Menthol haben einen k\u00fchlenden Effekt, der auch bei schweren Beinen und Hitze angenehme Entspannung bringt.<\/p>\n","protected":false},"excerpt":{"rendered":"<p>Neben Arnika Tinktur enth\u00e4lt Arnika Franzbranntwein auch erfrischendes Menthol. Diese Kombination ist ideal f\u00fcr eine \u00e4u\u00dferliche Erfrischung bei M\u00fcdigkeit, Muskelkater und Gliederschwere nach sportlichen Aktivit\u00e4ten, Gartenarbeit oder einer langen Wanderung. &#13; Vor allem die 250ml Spr\u00fchflasche ist handlich und passt in jeden Wanderrucksack oder jedes Reisegep\u00e4ck hinein und sorgt f\u00fcr den Frischekick on the go. [&hellip;]<\/p>\n","protected":false},"featured_media":77176,"template":"","meta":{"_acf_changed":false},"product_brand":[],"product_cat":[801],"product_tag":[],"class_list":{"0":"post-77174","1":"product","2":"type-product","3":"status-publish","4":"has-post-thumbnail","6":"product_cat-a","7":"pa_packungsgroesse-1l","9":"first","10":"instock","11":"shipping-taxable","12":"purchasable","13":"product-type-simple"},"acf":[],"_links":{"self":[{"href":"https:\/\/www.ernstbrunn-apotheke.at\/katalog\/wp-json\/wp\/v2\/product\/77174","targetHints":{"allow":["GET"]}}],"collection":[{"href":"https:\/\/www.ernstbrunn-apotheke.at\/katalog\/wp-json\/wp\/v2\/product"}],"about":[{"href":"https:\/\/www.ernstbrunn-apotheke.at\/katalog\/wp-json\/wp\/v2\/types\/product"}],"wp:featuredmedia":[{"embeddable":true,"href":"https:\/\/www.ernstbrunn-apotheke.at\/katalog\/wp-json\/wp\/v2\/media\/77176"}],"wp:attachment":[{"href":"https:\/\/www.ernstbrunn-apotheke.at\/katalog\/wp-json\/wp\/v2\/media?parent=77174"}],"wp:term":[{"taxonomy":"product_brand","embeddable":true,"href":"https:\/\/www.ernstbrunn-apotheke.at\/katalog\/wp-json\/wp\/v2\/product_brand?post=77174"},{"taxonomy":"product_cat","embeddable":true,"href":"https:\/\/www.ernstbrunn-apotheke.at\/katalog\/wp-json\/wp\/v2\/product_cat?post=77174"},{"taxonomy":"product_tag","embeddable":true,"href":"https:\/\/www.ernstbrunn-apotheke.at\/katalog\/wp-json\/wp\/v2\/product_tag?post=77174"}],"curies":[{"name":"wp","href":"https:\/\/api.w.org\/{rel}","templated":true}]}}