{"id":77164,"date":"2025-11-11T21:53:27","date_gmt":"2025-11-11T20:53:27","guid":{"rendered":"https:\/\/www.ernstbrunn-apotheke.at\/katalog\/produkt\/adler-bachblueten-red-chestnut-tropfen-10-ml\/"},"modified":"2025-12-08T18:51:36","modified_gmt":"2025-12-08T17:51:36","slug":"adler-bachblueten-red-chestnut-tropfen-10-ml","status":"publish","type":"product","link":"https:\/\/www.ernstbrunn-apotheke.at\/katalog\/produkt\/adler-bachblueten-red-chestnut-tropfen-10-ml\/","title":{"rendered":"Adler Bachbl\u00fcten Red Chestnut Tropfen 10 ml"},"content":{"rendered":"<p>Adler Bachbl\u00fcten Red Chestnut Tropfen 10 ml sind Teil der &#8222;Zweiten Neunzehn&#8220; Bachbl\u00fctenessenzen, die mit Gem\u00fctszust\u00e4nden verwandt sind und sich auf allt\u00e4gliche Situationen beziehen. Red Chestnut Tropfen eignen sich f\u00fcr Menschen, die sich zu viele Sorgen um andere machen und k\u00f6nnen bei niederdr\u00fcckendem Mitleid oder krankmachenden Sorgen um andere sowie bei \u00fcbertriebener F\u00fcrsorglichkeit unterst\u00fctzend wirken &#8211; jetzt alle Bachbl\u00fctenessenzen von Adler zu g\u00fcnstigen Preisen online bestellen!<\/p>\n","protected":false},"excerpt":{"rendered":"<p>Adler Bachbl\u00fcten Red Chestnut Tropfen 10 ml sind Teil der &#8222;Zweiten Neunzehn&#8220; Bachbl\u00fctenessenzen, die mit Gem\u00fctszust\u00e4nden verwandt sind und sich auf allt\u00e4gliche Situationen beziehen. Red Chestnut Tropfen eignen sich f\u00fcr Menschen, die sich zu viele Sorgen um andere machen und k\u00f6nnen bei niederdr\u00fcckendem Mitleid oder krankmachenden Sorgen um andere sowie bei \u00fcbertriebener F\u00fcrsorglichkeit unterst\u00fctzend wirken [&hellip;]<\/p>\n","protected":false},"featured_media":77166,"template":"","meta":{"_acf_changed":false},"product_brand":[928],"product_cat":[801],"product_tag":[],"class_list":{"0":"post-77164","1":"product","2":"type-product","3":"status-publish","4":"has-post-thumbnail","6":"product_brand-adler-pharma","7":"product_cat-a","8":"pa_packungsgroesse-10ml","10":"first","11":"instock","12":"shipping-taxable","13":"purchasable","14":"product-type-simple"},"acf":[],"_links":{"self":[{"href":"https:\/\/www.ernstbrunn-apotheke.at\/katalog\/wp-json\/wp\/v2\/product\/77164","targetHints":{"allow":["GET"]}}],"collection":[{"href":"https:\/\/www.ernstbrunn-apotheke.at\/katalog\/wp-json\/wp\/v2\/product"}],"about":[{"href":"https:\/\/www.ernstbrunn-apotheke.at\/katalog\/wp-json\/wp\/v2\/types\/product"}],"wp:featuredmedia":[{"embeddable":true,"href":"https:\/\/www.ernstbrunn-apotheke.at\/katalog\/wp-json\/wp\/v2\/media\/77166"}],"wp:attachment":[{"href":"https:\/\/www.ernstbrunn-apotheke.at\/katalog\/wp-json\/wp\/v2\/media?parent=77164"}],"wp:term":[{"taxonomy":"product_brand","embeddable":true,"href":"https:\/\/www.ernstbrunn-apotheke.at\/katalog\/wp-json\/wp\/v2\/product_brand?post=77164"},{"taxonomy":"product_cat","embeddable":true,"href":"https:\/\/www.ernstbrunn-apotheke.at\/katalog\/wp-json\/wp\/v2\/product_cat?post=77164"},{"taxonomy":"product_tag","embeddable":true,"href":"https:\/\/www.ernstbrunn-apotheke.at\/katalog\/wp-json\/wp\/v2\/product_tag?post=77164"}],"curies":[{"name":"wp","href":"https:\/\/api.w.org\/{rel}","templated":true}]}}