{"id":77157,"date":"2025-11-11T21:53:27","date_gmt":"2025-11-11T20:53:27","guid":{"rendered":"https:\/\/www.ernstbrunn-apotheke.at\/katalog\/produkt\/algavital-veg-omega-3-6-9-kapseln-seetang-100-stk\/"},"modified":"2025-12-08T18:51:33","modified_gmt":"2025-12-08T17:51:33","slug":"algavital-veg-omega-3-6-9-kapseln-seetang-100-stk","status":"publish","type":"product","link":"https:\/\/www.ernstbrunn-apotheke.at\/katalog\/produkt\/algavital-veg-omega-3-6-9-kapseln-seetang-100-stk\/","title":{"rendered":"Algavital Veg. Omega 3-6-9 Kapseln Seetang 100 Stk."},"content":{"rendered":"<p>Algavital Veg. Omega 3-6-9 Kapseln Seetang werden aus Seetang allergenfrei und ohne k\u00fcnstliche Farb-, S\u00fc\u00dfungs- und Konservierungsstoffe hergestellt. Sie sind frei von Hefe, Soja, Milch- und tierischen Produkten.<\/p>\n","protected":false},"excerpt":{"rendered":"<p>Algavital Veg. Omega 3-6-9 Kapseln Seetang werden aus Seetang allergenfrei und ohne k\u00fcnstliche Farb-, S\u00fc\u00dfungs- und Konservierungsstoffe hergestellt. Sie sind frei von Hefe, Soja, Milch- und tierischen Produkten.<\/p>\n","protected":false},"featured_media":77159,"template":"","meta":{"_acf_changed":false},"product_brand":[],"product_cat":[801],"product_tag":[],"class_list":{"0":"post-77157","1":"product","2":"type-product","3":"status-publish","4":"has-post-thumbnail","6":"product_cat-a","7":"pa_packungsgroesse-100-stueck","9":"first","10":"instock","11":"shipping-taxable","12":"purchasable","13":"product-type-simple"},"acf":[],"_links":{"self":[{"href":"https:\/\/www.ernstbrunn-apotheke.at\/katalog\/wp-json\/wp\/v2\/product\/77157","targetHints":{"allow":["GET"]}}],"collection":[{"href":"https:\/\/www.ernstbrunn-apotheke.at\/katalog\/wp-json\/wp\/v2\/product"}],"about":[{"href":"https:\/\/www.ernstbrunn-apotheke.at\/katalog\/wp-json\/wp\/v2\/types\/product"}],"wp:featuredmedia":[{"embeddable":true,"href":"https:\/\/www.ernstbrunn-apotheke.at\/katalog\/wp-json\/wp\/v2\/media\/77159"}],"wp:attachment":[{"href":"https:\/\/www.ernstbrunn-apotheke.at\/katalog\/wp-json\/wp\/v2\/media?parent=77157"}],"wp:term":[{"taxonomy":"product_brand","embeddable":true,"href":"https:\/\/www.ernstbrunn-apotheke.at\/katalog\/wp-json\/wp\/v2\/product_brand?post=77157"},{"taxonomy":"product_cat","embeddable":true,"href":"https:\/\/www.ernstbrunn-apotheke.at\/katalog\/wp-json\/wp\/v2\/product_cat?post=77157"},{"taxonomy":"product_tag","embeddable":true,"href":"https:\/\/www.ernstbrunn-apotheke.at\/katalog\/wp-json\/wp\/v2\/product_tag?post=77157"}],"curies":[{"name":"wp","href":"https:\/\/api.w.org\/{rel}","templated":true}]}}