{"id":77066,"date":"2025-11-11T21:51:46","date_gmt":"2025-11-11T20:51:46","guid":{"rendered":"https:\/\/www.ernstbrunn-apotheke.at\/katalog\/produkt\/coenzym-q10-kapseln-15mg-2\/"},"modified":"2025-12-08T18:51:01","modified_gmt":"2025-12-08T17:51:01","slug":"coenzym-q10-kapseln-15mg-2","status":"publish","type":"product","link":"https:\/\/www.ernstbrunn-apotheke.at\/katalog\/produkt\/coenzym-q10-kapseln-15mg-2\/","title":{"rendered":"Coenzym Q10 Kapseln 15mg"},"content":{"rendered":"<p>Gall Pharma Q10 Coenzym 15 mg Kapseln enthalten 15 mg Coenzym Q-10 in einer Hartgelatinekapsel. Coenzym Q-10 ist eine vitamin\u00e4hnliche Substanz. Es wird zum Teil \u00fcber die Nahrung aufgenommen. Seine Bedeutung wird durch die Tatsache unterstrichen, dass es das einzige fettl\u00f6sliche Antioxidans ist, das der K\u00f6rper selbst herstellen kann. Dieses Produkt ist in den Packungsgr\u00f6\u00dfen 60 und 120 St\u00fcck erh\u00e4ltlich. Jetzt bestellen und je 1 Tagesportion Orthomol Immun gratis erhalten!<\/p>\n","protected":false},"excerpt":{"rendered":"<p>Gall Pharma Q10 Coenzym 15 mg Kapseln enthalten 15 mg Coenzym Q-10 in einer Hartgelatinekapsel. Coenzym Q-10 ist eine vitamin\u00e4hnliche Substanz. Es wird zum Teil \u00fcber die Nahrung aufgenommen. Seine Bedeutung wird durch die Tatsache unterstrichen, dass es das einzige fettl\u00f6sliche Antioxidans ist, das der K\u00f6rper selbst herstellen kann. Dieses Produkt ist in den Packungsgr\u00f6\u00dfen [&hellip;]<\/p>\n","protected":false},"featured_media":77068,"template":"","meta":{"_acf_changed":false},"product_brand":[371],"product_cat":[812],"product_tag":[],"class_list":{"0":"post-77066","1":"product","2":"type-product","3":"status-publish","4":"has-post-thumbnail","6":"product_brand-gall-pharma","7":"product_cat-c","8":"pa_packungsgroesse-120-stueck","10":"first","11":"instock","12":"shipping-taxable","13":"purchasable","14":"product-type-simple"},"acf":[],"_links":{"self":[{"href":"https:\/\/www.ernstbrunn-apotheke.at\/katalog\/wp-json\/wp\/v2\/product\/77066","targetHints":{"allow":["GET"]}}],"collection":[{"href":"https:\/\/www.ernstbrunn-apotheke.at\/katalog\/wp-json\/wp\/v2\/product"}],"about":[{"href":"https:\/\/www.ernstbrunn-apotheke.at\/katalog\/wp-json\/wp\/v2\/types\/product"}],"wp:featuredmedia":[{"embeddable":true,"href":"https:\/\/www.ernstbrunn-apotheke.at\/katalog\/wp-json\/wp\/v2\/media\/77068"}],"wp:attachment":[{"href":"https:\/\/www.ernstbrunn-apotheke.at\/katalog\/wp-json\/wp\/v2\/media?parent=77066"}],"wp:term":[{"taxonomy":"product_brand","embeddable":true,"href":"https:\/\/www.ernstbrunn-apotheke.at\/katalog\/wp-json\/wp\/v2\/product_brand?post=77066"},{"taxonomy":"product_cat","embeddable":true,"href":"https:\/\/www.ernstbrunn-apotheke.at\/katalog\/wp-json\/wp\/v2\/product_cat?post=77066"},{"taxonomy":"product_tag","embeddable":true,"href":"https:\/\/www.ernstbrunn-apotheke.at\/katalog\/wp-json\/wp\/v2\/product_tag?post=77066"}],"curies":[{"name":"wp","href":"https:\/\/api.w.org\/{rel}","templated":true}]}}