{"id":77051,"date":"2025-11-11T21:51:46","date_gmt":"2025-11-11T20:51:46","guid":{"rendered":"https:\/\/www.ernstbrunn-apotheke.at\/katalog\/produkt\/vitis-gingival-mundspuelung-500-ml\/"},"modified":"2025-12-08T18:50:56","modified_gmt":"2025-12-08T17:50:56","slug":"vitis-gingival-mundspuelung-500-ml","status":"publish","type":"product","link":"https:\/\/www.ernstbrunn-apotheke.at\/katalog\/produkt\/vitis-gingival-mundspuelung-500-ml\/","title":{"rendered":"Vitis Gingival Mundsp\u00fclung 500 ml"},"content":{"rendered":"<p>Vitis Gingival Mundsp\u00fclung dient der pr\u00e4ventiven Behandlung bei empfindlichem und sensiblem Zahnfleisch und verringert die Ansammlung von Zahnbelag, hemmt die Plaquebildung und sch\u00fctzt vor Zahnfleischentz\u00fcndungen.<\/p>\n","protected":false},"excerpt":{"rendered":"<p>Vitis Gingival Mundsp\u00fclung dient der pr\u00e4ventiven Behandlung bei empfindlichem und sensiblem Zahnfleisch und verringert die Ansammlung von Zahnbelag, hemmt die Plaquebildung und sch\u00fctzt vor Zahnfleischentz\u00fcndungen.<\/p>\n","protected":false},"featured_media":0,"template":"","meta":{"_acf_changed":false},"product_brand":[],"product_cat":[799],"product_tag":[],"class_list":{"0":"post-77051","1":"product","2":"type-product","3":"status-publish","5":"product_cat-v","6":"pa_packungsgroesse-500ml","8":"first","9":"instock","10":"shipping-taxable","11":"purchasable","12":"product-type-simple"},"acf":[],"_links":{"self":[{"href":"https:\/\/www.ernstbrunn-apotheke.at\/katalog\/wp-json\/wp\/v2\/product\/77051","targetHints":{"allow":["GET"]}}],"collection":[{"href":"https:\/\/www.ernstbrunn-apotheke.at\/katalog\/wp-json\/wp\/v2\/product"}],"about":[{"href":"https:\/\/www.ernstbrunn-apotheke.at\/katalog\/wp-json\/wp\/v2\/types\/product"}],"wp:attachment":[{"href":"https:\/\/www.ernstbrunn-apotheke.at\/katalog\/wp-json\/wp\/v2\/media?parent=77051"}],"wp:term":[{"taxonomy":"product_brand","embeddable":true,"href":"https:\/\/www.ernstbrunn-apotheke.at\/katalog\/wp-json\/wp\/v2\/product_brand?post=77051"},{"taxonomy":"product_cat","embeddable":true,"href":"https:\/\/www.ernstbrunn-apotheke.at\/katalog\/wp-json\/wp\/v2\/product_cat?post=77051"},{"taxonomy":"product_tag","embeddable":true,"href":"https:\/\/www.ernstbrunn-apotheke.at\/katalog\/wp-json\/wp\/v2\/product_tag?post=77051"}],"curies":[{"name":"wp","href":"https:\/\/api.w.org\/{rel}","templated":true}]}}