{"id":77008,"date":"2025-11-11T21:50:41","date_gmt":"2025-11-11T20:50:41","guid":{"rendered":"https:\/\/www.ernstbrunn-apotheke.at\/katalog\/produkt\/bios-weihrauch-200-mg-kapseln\/"},"modified":"2025-12-08T18:50:39","modified_gmt":"2025-12-08T17:50:39","slug":"bios-weihrauch-200-mg-kapseln","status":"publish","type":"product","link":"https:\/\/www.ernstbrunn-apotheke.at\/katalog\/produkt\/bios-weihrauch-200-mg-kapseln\/","title":{"rendered":"Bios Weihrauch 200 mg Kapseln"},"content":{"rendered":"<p>Bios Weihrauch 200 mg Kapseln enthalten 200 mg indischen Weihrauchtrockenextrakt in einer Hartgelatinekapsel. Der Weihrauchextrakt aus dem indischen Weihrauch enth\u00e4lt Boswellias\u00e4uren, \u00e4therische \u00d6le, Gerbstoffe und weitere Pflanzeninhaltsstoffe. Der Weihrauch hat in der indischen Ern\u00e4hrung eine ungew\u00f6hnlich lange Tradition.<\/p>\n","protected":false},"excerpt":{"rendered":"<p>Bios Weihrauch 200 mg Kapseln enthalten 200 mg indischen Weihrauchtrockenextrakt in einer Hartgelatinekapsel. Der Weihrauchextrakt aus dem indischen Weihrauch enth\u00e4lt Boswellias\u00e4uren, \u00e4therische \u00d6le, Gerbstoffe und weitere Pflanzeninhaltsstoffe. Der Weihrauch hat in der indischen Ern\u00e4hrung eine ungew\u00f6hnlich lange Tradition.<\/p>\n","protected":false},"featured_media":77010,"template":"","meta":{"_acf_changed":false},"product_brand":[],"product_cat":[802],"product_tag":[],"class_list":{"0":"post-77008","1":"product","2":"type-product","3":"status-publish","4":"has-post-thumbnail","6":"product_cat-b","7":"pa_packungsgroesse-100-stueck","9":"first","10":"instock","11":"shipping-taxable","12":"purchasable","13":"product-type-simple"},"acf":[],"_links":{"self":[{"href":"https:\/\/www.ernstbrunn-apotheke.at\/katalog\/wp-json\/wp\/v2\/product\/77008","targetHints":{"allow":["GET"]}}],"collection":[{"href":"https:\/\/www.ernstbrunn-apotheke.at\/katalog\/wp-json\/wp\/v2\/product"}],"about":[{"href":"https:\/\/www.ernstbrunn-apotheke.at\/katalog\/wp-json\/wp\/v2\/types\/product"}],"wp:featuredmedia":[{"embeddable":true,"href":"https:\/\/www.ernstbrunn-apotheke.at\/katalog\/wp-json\/wp\/v2\/media\/77010"}],"wp:attachment":[{"href":"https:\/\/www.ernstbrunn-apotheke.at\/katalog\/wp-json\/wp\/v2\/media?parent=77008"}],"wp:term":[{"taxonomy":"product_brand","embeddable":true,"href":"https:\/\/www.ernstbrunn-apotheke.at\/katalog\/wp-json\/wp\/v2\/product_brand?post=77008"},{"taxonomy":"product_cat","embeddable":true,"href":"https:\/\/www.ernstbrunn-apotheke.at\/katalog\/wp-json\/wp\/v2\/product_cat?post=77008"},{"taxonomy":"product_tag","embeddable":true,"href":"https:\/\/www.ernstbrunn-apotheke.at\/katalog\/wp-json\/wp\/v2\/product_tag?post=77008"}],"curies":[{"name":"wp","href":"https:\/\/api.w.org\/{rel}","templated":true}]}}