{"id":76955,"date":"2025-11-11T21:49:41","date_gmt":"2025-11-11T20:49:41","guid":{"rendered":"https:\/\/www.ernstbrunn-apotheke.at\/katalog\/produkt\/cutimed-protect-creme-28-g\/"},"modified":"2025-12-08T18:50:21","modified_gmt":"2025-12-08T17:50:21","slug":"cutimed-protect-creme-28-g","status":"publish","type":"product","link":"https:\/\/www.ernstbrunn-apotheke.at\/katalog\/produkt\/cutimed-protect-creme-28-g\/","title":{"rendered":"Cutimed Protect Creme  28 g"},"content":{"rendered":"<p>Cutimed Protect Creme bildet einen Film, der die Haut vor K\u00f6rperfl\u00fcssigkeiten sch\u00fctzt und somit das Mazerationsrisiko vermindert. Diese hochwertige Creme bietet somit zuverl\u00e4ssigen medizinischen Hautschutz sowie eine feuchtigkeitsspendende Pflege in einem.<\/p>\n","protected":false},"excerpt":{"rendered":"<p>Cutimed Protect Creme bildet einen Film, der die Haut vor K\u00f6rperfl\u00fcssigkeiten sch\u00fctzt und somit das Mazerationsrisiko vermindert. Diese hochwertige Creme bietet somit zuverl\u00e4ssigen medizinischen Hautschutz sowie eine feuchtigkeitsspendende Pflege in einem.<\/p>\n","protected":false},"featured_media":76957,"template":"","meta":{"_acf_changed":false},"product_brand":[],"product_cat":[812],"product_tag":[],"class_list":{"0":"post-76955","1":"product","2":"type-product","3":"status-publish","4":"has-post-thumbnail","6":"product_cat-c","7":"pa_packungsgroesse-28g","9":"first","10":"instock","11":"shipping-taxable","12":"purchasable","13":"product-type-simple"},"acf":[],"_links":{"self":[{"href":"https:\/\/www.ernstbrunn-apotheke.at\/katalog\/wp-json\/wp\/v2\/product\/76955","targetHints":{"allow":["GET"]}}],"collection":[{"href":"https:\/\/www.ernstbrunn-apotheke.at\/katalog\/wp-json\/wp\/v2\/product"}],"about":[{"href":"https:\/\/www.ernstbrunn-apotheke.at\/katalog\/wp-json\/wp\/v2\/types\/product"}],"wp:featuredmedia":[{"embeddable":true,"href":"https:\/\/www.ernstbrunn-apotheke.at\/katalog\/wp-json\/wp\/v2\/media\/76957"}],"wp:attachment":[{"href":"https:\/\/www.ernstbrunn-apotheke.at\/katalog\/wp-json\/wp\/v2\/media?parent=76955"}],"wp:term":[{"taxonomy":"product_brand","embeddable":true,"href":"https:\/\/www.ernstbrunn-apotheke.at\/katalog\/wp-json\/wp\/v2\/product_brand?post=76955"},{"taxonomy":"product_cat","embeddable":true,"href":"https:\/\/www.ernstbrunn-apotheke.at\/katalog\/wp-json\/wp\/v2\/product_cat?post=76955"},{"taxonomy":"product_tag","embeddable":true,"href":"https:\/\/www.ernstbrunn-apotheke.at\/katalog\/wp-json\/wp\/v2\/product_tag?post=76955"}],"curies":[{"name":"wp","href":"https:\/\/api.w.org\/{rel}","templated":true}]}}