{"id":76939,"date":"2025-11-11T21:49:41","date_gmt":"2025-11-11T20:49:41","guid":{"rendered":"https:\/\/www.ernstbrunn-apotheke.at\/katalog\/produkt\/washing-solution-sigv-strumpf\/"},"modified":"2025-12-08T18:50:17","modified_gmt":"2025-12-08T17:50:17","slug":"washing-solution-sigv-strumpf","status":"publish","type":"product","link":"https:\/\/www.ernstbrunn-apotheke.at\/katalog\/produkt\/washing-solution-sigv-strumpf\/","title":{"rendered":"Washing Solution Sigv\/strumpf"},"content":{"rendered":"<p>Washing Solution Sigv\/strumpf erf\u00fcllt alle Anforderungen zur optimalen Pflege der Str\u00fcmpfe und kann zus\u00e4tzlich f\u00fcr die gesamte Feinw\u00e4sche verwendet werden.<\/p>\n","protected":false},"excerpt":{"rendered":"<p>Washing Solution Sigv\/strumpf erf\u00fcllt alle Anforderungen zur optimalen Pflege der Str\u00fcmpfe und kann zus\u00e4tzlich f\u00fcr die gesamte Feinw\u00e4sche verwendet werden.<\/p>\n","protected":false},"featured_media":76941,"template":"","meta":{"_acf_changed":false},"product_brand":[],"product_cat":[796],"product_tag":[],"class_list":{"0":"post-76939","1":"product","2":"type-product","3":"status-publish","4":"has-post-thumbnail","6":"product_cat-w","7":"pa_packungsgroesse-250ml","9":"first","10":"instock","11":"shipping-taxable","12":"purchasable","13":"product-type-simple"},"acf":[],"_links":{"self":[{"href":"https:\/\/www.ernstbrunn-apotheke.at\/katalog\/wp-json\/wp\/v2\/product\/76939","targetHints":{"allow":["GET"]}}],"collection":[{"href":"https:\/\/www.ernstbrunn-apotheke.at\/katalog\/wp-json\/wp\/v2\/product"}],"about":[{"href":"https:\/\/www.ernstbrunn-apotheke.at\/katalog\/wp-json\/wp\/v2\/types\/product"}],"wp:featuredmedia":[{"embeddable":true,"href":"https:\/\/www.ernstbrunn-apotheke.at\/katalog\/wp-json\/wp\/v2\/media\/76941"}],"wp:attachment":[{"href":"https:\/\/www.ernstbrunn-apotheke.at\/katalog\/wp-json\/wp\/v2\/media?parent=76939"}],"wp:term":[{"taxonomy":"product_brand","embeddable":true,"href":"https:\/\/www.ernstbrunn-apotheke.at\/katalog\/wp-json\/wp\/v2\/product_brand?post=76939"},{"taxonomy":"product_cat","embeddable":true,"href":"https:\/\/www.ernstbrunn-apotheke.at\/katalog\/wp-json\/wp\/v2\/product_cat?post=76939"},{"taxonomy":"product_tag","embeddable":true,"href":"https:\/\/www.ernstbrunn-apotheke.at\/katalog\/wp-json\/wp\/v2\/product_tag?post=76939"}],"curies":[{"name":"wp","href":"https:\/\/api.w.org\/{rel}","templated":true}]}}