{"id":76914,"date":"2025-11-11T21:48:35","date_gmt":"2025-11-11T20:48:35","guid":{"rendered":"https:\/\/www.ernstbrunn-apotheke.at\/katalog\/produkt\/amineo-525-g-drachenfrucht-pulver\/"},"modified":"2025-12-08T18:50:07","modified_gmt":"2025-12-08T17:50:07","slug":"amineo-525-g-drachenfrucht-pulver","status":"publish","type":"product","link":"https:\/\/www.ernstbrunn-apotheke.at\/katalog\/produkt\/amineo-525-g-drachenfrucht-pulver\/","title":{"rendered":"Amineo 525 g Drachenfrucht Pulver"},"content":{"rendered":"<p>Amineo ist ein neuartiges, hochqualitatives aminos\u00e4urebilanziertes Produkt aus ausgew\u00e4hlten Proteinen, Peptiden und freien Aminos\u00e4uren. Das Pulver vermeidet Stickstoffbalast und gew\u00e4hrleistet durch die optimale Balance der enthaltenen Aminos\u00e4uren den bestm\u00f6glichen Aufbau und die bestm\u00f6gliche Regeneration von k\u00f6rpereigenen Proteinen.<\/p>\n","protected":false},"excerpt":{"rendered":"<p>Amineo ist ein neuartiges, hochqualitatives aminos\u00e4urebilanziertes Produkt aus ausgew\u00e4hlten Proteinen, Peptiden und freien Aminos\u00e4uren. Das Pulver vermeidet Stickstoffbalast und gew\u00e4hrleistet durch die optimale Balance der enthaltenen Aminos\u00e4uren den bestm\u00f6glichen Aufbau und die bestm\u00f6gliche Regeneration von k\u00f6rpereigenen Proteinen.<\/p>\n","protected":false},"featured_media":76916,"template":"","meta":{"_acf_changed":false},"product_brand":[],"product_cat":[801],"product_tag":[],"class_list":{"0":"post-76914","1":"product","2":"type-product","3":"status-publish","4":"has-post-thumbnail","6":"product_cat-a","7":"pa_packungsgroesse-525g","9":"first","10":"instock","11":"shipping-taxable","12":"purchasable","13":"product-type-simple"},"acf":[],"_links":{"self":[{"href":"https:\/\/www.ernstbrunn-apotheke.at\/katalog\/wp-json\/wp\/v2\/product\/76914","targetHints":{"allow":["GET"]}}],"collection":[{"href":"https:\/\/www.ernstbrunn-apotheke.at\/katalog\/wp-json\/wp\/v2\/product"}],"about":[{"href":"https:\/\/www.ernstbrunn-apotheke.at\/katalog\/wp-json\/wp\/v2\/types\/product"}],"wp:featuredmedia":[{"embeddable":true,"href":"https:\/\/www.ernstbrunn-apotheke.at\/katalog\/wp-json\/wp\/v2\/media\/76916"}],"wp:attachment":[{"href":"https:\/\/www.ernstbrunn-apotheke.at\/katalog\/wp-json\/wp\/v2\/media?parent=76914"}],"wp:term":[{"taxonomy":"product_brand","embeddable":true,"href":"https:\/\/www.ernstbrunn-apotheke.at\/katalog\/wp-json\/wp\/v2\/product_brand?post=76914"},{"taxonomy":"product_cat","embeddable":true,"href":"https:\/\/www.ernstbrunn-apotheke.at\/katalog\/wp-json\/wp\/v2\/product_cat?post=76914"},{"taxonomy":"product_tag","embeddable":true,"href":"https:\/\/www.ernstbrunn-apotheke.at\/katalog\/wp-json\/wp\/v2\/product_tag?post=76914"}],"curies":[{"name":"wp","href":"https:\/\/api.w.org\/{rel}","templated":true}]}}