{"id":76870,"date":"2025-11-11T21:47:36","date_gmt":"2025-11-11T20:47:36","guid":{"rendered":"https:\/\/www.ernstbrunn-apotheke.at\/katalog\/produkt\/salus-freetox-bio-kraeutertee-40-stk\/"},"modified":"2025-12-08T18:49:57","modified_gmt":"2025-12-08T17:49:57","slug":"salus-freetox-bio-kraeutertee-40-stk","status":"publish","type":"product","link":"https:\/\/www.ernstbrunn-apotheke.at\/katalog\/produkt\/salus-freetox-bio-kraeutertee-40-stk\/","title":{"rendered":"Salus Freetox Bio Kr\u00e4utertee 40 Stk."},"content":{"rendered":"<p>Salus Freetox Bio Kr\u00e4utertee hat ein kr\u00e4ftig-w\u00fcrziges Aroma nach L\u00f6wenzahn und Brennnessel. Der Tee ist aus rein biologischen Zutaten und ideal f\u00fcr eine basisches Ern\u00e4hrung geeignet. Der milde Kr\u00e4utertee ist sehr Harmonisch im Geschmack und \u00fcberzeugt mit einer zart minzigen Note.<\/p>\n","protected":false},"excerpt":{"rendered":"<p>Salus Freetox Bio Kr\u00e4utertee hat ein kr\u00e4ftig-w\u00fcrziges Aroma nach L\u00f6wenzahn und Brennnessel. Der Tee ist aus rein biologischen Zutaten und ideal f\u00fcr eine basisches Ern\u00e4hrung geeignet. Der milde Kr\u00e4utertee ist sehr Harmonisch im Geschmack und \u00fcberzeugt mit einer zart minzigen Note.<\/p>\n","protected":false},"featured_media":76872,"template":"","meta":{"_acf_changed":false},"product_brand":[],"product_cat":[791],"product_tag":[],"class_list":{"0":"post-76870","1":"product","2":"type-product","3":"status-publish","4":"has-post-thumbnail","6":"product_cat-s","7":"pa_packungsgroesse-40-beutel","9":"first","10":"instock","11":"shipping-taxable","12":"purchasable","13":"product-type-simple"},"acf":[],"_links":{"self":[{"href":"https:\/\/www.ernstbrunn-apotheke.at\/katalog\/wp-json\/wp\/v2\/product\/76870","targetHints":{"allow":["GET"]}}],"collection":[{"href":"https:\/\/www.ernstbrunn-apotheke.at\/katalog\/wp-json\/wp\/v2\/product"}],"about":[{"href":"https:\/\/www.ernstbrunn-apotheke.at\/katalog\/wp-json\/wp\/v2\/types\/product"}],"wp:featuredmedia":[{"embeddable":true,"href":"https:\/\/www.ernstbrunn-apotheke.at\/katalog\/wp-json\/wp\/v2\/media\/76872"}],"wp:attachment":[{"href":"https:\/\/www.ernstbrunn-apotheke.at\/katalog\/wp-json\/wp\/v2\/media?parent=76870"}],"wp:term":[{"taxonomy":"product_brand","embeddable":true,"href":"https:\/\/www.ernstbrunn-apotheke.at\/katalog\/wp-json\/wp\/v2\/product_brand?post=76870"},{"taxonomy":"product_cat","embeddable":true,"href":"https:\/\/www.ernstbrunn-apotheke.at\/katalog\/wp-json\/wp\/v2\/product_cat?post=76870"},{"taxonomy":"product_tag","embeddable":true,"href":"https:\/\/www.ernstbrunn-apotheke.at\/katalog\/wp-json\/wp\/v2\/product_tag?post=76870"}],"curies":[{"name":"wp","href":"https:\/\/api.w.org\/{rel}","templated":true}]}}