{"id":76820,"date":"2025-11-11T21:47:04","date_gmt":"2025-11-11T20:47:04","guid":{"rendered":"https:\/\/www.ernstbrunn-apotheke.at\/katalog\/produkt\/allergosan-magnesium-300-mg-mse-kapseln-60-stk\/"},"modified":"2025-12-08T18:49:37","modified_gmt":"2025-12-08T17:49:37","slug":"allergosan-magnesium-300-mg-mse-kapseln-60-stk","status":"publish","type":"product","link":"https:\/\/www.ernstbrunn-apotheke.at\/katalog\/produkt\/allergosan-magnesium-300-mg-mse-kapseln-60-stk\/","title":{"rendered":"Allergosan Magnesium 300 mg Mse Kapseln 60 Stk."},"content":{"rendered":"<p>Allergosan Magnesium 300 mg Mse Kapseln ist ein Nahrungserg\u00e4nzungsmittel mit 300 mg Magnesium pro Kapsel. Magnesium ist Bestandteil von \u00fcber 300 Enzymen in unserem Stoffwechsel und damit an vielen Reaktionen in unserem Organismus beteiligt. Dazu z\u00e4hlen etwa die Energiegewinnung in den Mitochondrien, der Stoffwechsel der Muskelzellen sowie der Aufbau von Hormonen und Eiwei\u00dfverbindungen.<\/p>\n","protected":false},"excerpt":{"rendered":"<p>Allergosan Magnesium 300 mg Mse Kapseln ist ein Nahrungserg\u00e4nzungsmittel mit 300 mg Magnesium pro Kapsel. Magnesium ist Bestandteil von \u00fcber 300 Enzymen in unserem Stoffwechsel und damit an vielen Reaktionen in unserem Organismus beteiligt. Dazu z\u00e4hlen etwa die Energiegewinnung in den Mitochondrien, der Stoffwechsel der Muskelzellen sowie der Aufbau von Hormonen und Eiwei\u00dfverbindungen.<\/p>\n","protected":false},"featured_media":76822,"template":"","meta":{"_acf_changed":false},"product_brand":[],"product_cat":[801],"product_tag":[],"class_list":{"0":"post-76820","1":"product","2":"type-product","3":"status-publish","4":"has-post-thumbnail","6":"product_cat-a","7":"pa_packungsgroesse-60-stueck","9":"first","10":"instock","11":"shipping-taxable","12":"purchasable","13":"product-type-simple"},"acf":[],"_links":{"self":[{"href":"https:\/\/www.ernstbrunn-apotheke.at\/katalog\/wp-json\/wp\/v2\/product\/76820","targetHints":{"allow":["GET"]}}],"collection":[{"href":"https:\/\/www.ernstbrunn-apotheke.at\/katalog\/wp-json\/wp\/v2\/product"}],"about":[{"href":"https:\/\/www.ernstbrunn-apotheke.at\/katalog\/wp-json\/wp\/v2\/types\/product"}],"wp:featuredmedia":[{"embeddable":true,"href":"https:\/\/www.ernstbrunn-apotheke.at\/katalog\/wp-json\/wp\/v2\/media\/76822"}],"wp:attachment":[{"href":"https:\/\/www.ernstbrunn-apotheke.at\/katalog\/wp-json\/wp\/v2\/media?parent=76820"}],"wp:term":[{"taxonomy":"product_brand","embeddable":true,"href":"https:\/\/www.ernstbrunn-apotheke.at\/katalog\/wp-json\/wp\/v2\/product_brand?post=76820"},{"taxonomy":"product_cat","embeddable":true,"href":"https:\/\/www.ernstbrunn-apotheke.at\/katalog\/wp-json\/wp\/v2\/product_cat?post=76820"},{"taxonomy":"product_tag","embeddable":true,"href":"https:\/\/www.ernstbrunn-apotheke.at\/katalog\/wp-json\/wp\/v2\/product_tag?post=76820"}],"curies":[{"name":"wp","href":"https:\/\/api.w.org\/{rel}","templated":true}]}}