{"id":7678,"date":"2025-11-07T13:29:20","date_gmt":"2025-11-07T12:29:20","guid":{"rendered":"https:\/\/www.ernstbrunn-apotheke.at\/katalog\/produkt\/melatonin-1mg-spray-espara-verkuerzt-die-einschlafzeit-minzgeschmack\/"},"modified":"2025-12-08T13:24:11","modified_gmt":"2025-12-08T12:24:11","slug":"melatonin-1mg-spray-espara-verkuerzt-die-einschlafzeit-minzgeschmack","status":"publish","type":"product","link":"https:\/\/www.ernstbrunn-apotheke.at\/katalog\/produkt\/melatonin-1mg-spray-espara-verkuerzt-die-einschlafzeit-minzgeschmack\/","title":{"rendered":"MELATONIN 1mg Spray Espara &#8211; verk\u00fcrzt die Einschlafzeit Minzgeschmack"},"content":{"rendered":"<p>Nahrungserg\u00e4nzungsmittel mit Melatonin. Melatonin tr\u00e4gt dazu bei, die Einschlafzeit zu verk\u00fcrzen. Die positive Wirkung stellt sich ein, wenn kurz vor dem Schlafengehen 1 mg Melatonin aufgenommen wird.<\/p>\n","protected":false},"excerpt":{"rendered":"<p>Nahrungserg\u00e4nzungsmittel mit Melatonin. Melatonin tr\u00e4gt dazu bei, die Einschlafzeit zu verk\u00fcrzen. Die positive Wirkung stellt sich ein, wenn kurz vor dem Schlafengehen 1 mg Melatonin aufgenommen wird.<\/p>\n","protected":false},"featured_media":7680,"template":"","meta":{"_acf_changed":false},"product_brand":[383],"product_cat":[800],"product_tag":[],"class_list":{"0":"post-7678","1":"product","2":"type-product","3":"status-publish","4":"has-post-thumbnail","6":"product_brand-espara","7":"product_cat-m","8":"pa_packungsgroesse-30ml","10":"first","11":"instock","12":"shipping-taxable","13":"purchasable","14":"product-type-simple"},"acf":[],"_links":{"self":[{"href":"https:\/\/www.ernstbrunn-apotheke.at\/katalog\/wp-json\/wp\/v2\/product\/7678","targetHints":{"allow":["GET"]}}],"collection":[{"href":"https:\/\/www.ernstbrunn-apotheke.at\/katalog\/wp-json\/wp\/v2\/product"}],"about":[{"href":"https:\/\/www.ernstbrunn-apotheke.at\/katalog\/wp-json\/wp\/v2\/types\/product"}],"wp:featuredmedia":[{"embeddable":true,"href":"https:\/\/www.ernstbrunn-apotheke.at\/katalog\/wp-json\/wp\/v2\/media\/7680"}],"wp:attachment":[{"href":"https:\/\/www.ernstbrunn-apotheke.at\/katalog\/wp-json\/wp\/v2\/media?parent=7678"}],"wp:term":[{"taxonomy":"product_brand","embeddable":true,"href":"https:\/\/www.ernstbrunn-apotheke.at\/katalog\/wp-json\/wp\/v2\/product_brand?post=7678"},{"taxonomy":"product_cat","embeddable":true,"href":"https:\/\/www.ernstbrunn-apotheke.at\/katalog\/wp-json\/wp\/v2\/product_cat?post=7678"},{"taxonomy":"product_tag","embeddable":true,"href":"https:\/\/www.ernstbrunn-apotheke.at\/katalog\/wp-json\/wp\/v2\/product_tag?post=7678"}],"curies":[{"name":"wp","href":"https:\/\/api.w.org\/{rel}","templated":true}]}}