{"id":76712,"date":"2025-11-11T21:34:42","date_gmt":"2025-11-11T20:34:42","guid":{"rendered":"https:\/\/www.ernstbrunn-apotheke.at\/katalog\/produkt\/the-nutri-store-cranberry-preiselbeere-kapseln-200-stk\/"},"modified":"2025-12-08T18:48:54","modified_gmt":"2025-12-08T17:48:54","slug":"the-nutri-store-cranberry-preiselbeere-kapseln-200-stk","status":"publish","type":"product","link":"https:\/\/www.ernstbrunn-apotheke.at\/katalog\/produkt\/the-nutri-store-cranberry-preiselbeere-kapseln-200-stk\/","title":{"rendered":"The Nutri Store Cranberry Preiselbeere Kapseln 200 Stk."},"content":{"rendered":"<p>The Nutri Store Cranberry Preiselbeere Kapseln enthalten 215 mg anthocyanreiches Preiselbeerpulver sowie 150 mg anthocyanreiches Cranberrypulver. Acerola-Extrakt mit seinem nat\u00fcrlichen Gehalt an Vitamin C, B\u00e4rentraubenextrakt, Kapuzinerkresse und Vitamin E erg\u00e4nzen diese wertvolle Kombination.<\/p>\n","protected":false},"excerpt":{"rendered":"<p>The Nutri Store Cranberry Preiselbeere Kapseln enthalten 215 mg anthocyanreiches Preiselbeerpulver sowie 150 mg anthocyanreiches Cranberrypulver. Acerola-Extrakt mit seinem nat\u00fcrlichen Gehalt an Vitamin C, B\u00e4rentraubenextrakt, Kapuzinerkresse und Vitamin E erg\u00e4nzen diese wertvolle Kombination.<\/p>\n","protected":false},"featured_media":76714,"template":"","meta":{"_acf_changed":false},"product_brand":[],"product_cat":[798],"product_tag":[],"class_list":{"0":"post-76712","1":"product","2":"type-product","3":"status-publish","4":"has-post-thumbnail","6":"product_cat-t","7":"pa_packungsgroesse-200-stueck","9":"first","10":"instock","11":"shipping-taxable","12":"purchasable","13":"product-type-simple"},"acf":[],"_links":{"self":[{"href":"https:\/\/www.ernstbrunn-apotheke.at\/katalog\/wp-json\/wp\/v2\/product\/76712","targetHints":{"allow":["GET"]}}],"collection":[{"href":"https:\/\/www.ernstbrunn-apotheke.at\/katalog\/wp-json\/wp\/v2\/product"}],"about":[{"href":"https:\/\/www.ernstbrunn-apotheke.at\/katalog\/wp-json\/wp\/v2\/types\/product"}],"wp:featuredmedia":[{"embeddable":true,"href":"https:\/\/www.ernstbrunn-apotheke.at\/katalog\/wp-json\/wp\/v2\/media\/76714"}],"wp:attachment":[{"href":"https:\/\/www.ernstbrunn-apotheke.at\/katalog\/wp-json\/wp\/v2\/media?parent=76712"}],"wp:term":[{"taxonomy":"product_brand","embeddable":true,"href":"https:\/\/www.ernstbrunn-apotheke.at\/katalog\/wp-json\/wp\/v2\/product_brand?post=76712"},{"taxonomy":"product_cat","embeddable":true,"href":"https:\/\/www.ernstbrunn-apotheke.at\/katalog\/wp-json\/wp\/v2\/product_cat?post=76712"},{"taxonomy":"product_tag","embeddable":true,"href":"https:\/\/www.ernstbrunn-apotheke.at\/katalog\/wp-json\/wp\/v2\/product_tag?post=76712"}],"curies":[{"name":"wp","href":"https:\/\/api.w.org\/{rel}","templated":true}]}}