{"id":76635,"date":"2025-11-11T21:33:22","date_gmt":"2025-11-11T20:33:22","guid":{"rendered":"https:\/\/www.ernstbrunn-apotheke.at\/katalog\/produkt\/espara-goldrute-birke-compositum-alchemistische-essenz-30-ml\/"},"modified":"2025-12-08T18:48:31","modified_gmt":"2025-12-08T17:48:31","slug":"espara-goldrute-birke-compositum-alchemistische-essenz-30-ml","status":"publish","type":"product","link":"https:\/\/www.ernstbrunn-apotheke.at\/katalog\/produkt\/espara-goldrute-birke-compositum-alchemistische-essenz-30-ml\/","title":{"rendered":"Espara  Goldrute-Birke Compositum Alchemistische Essenz 30 ml"},"content":{"rendered":"<p>Espara  Goldrute-Birke Compositum Alchemistische Essenz  ist ein Nahrungserg\u00e4nzungsmittel mit Destillaten von Goldrute, Birke, Liebst\u00f6ckel, B\u00e4rentraube, Ackerschachtelhalm und Ackerstiefm\u00fctterchen  hergestellt nach einem speziellen, auf Paracelsus zur\u00fcckgehenden Verfahren. Goldrute und Birke sind f\u00fcr ihre entw\u00e4ssernden Eigenschaften bekannt. Alk. 16 % vol.<\/p>\n","protected":false},"excerpt":{"rendered":"<p>Espara Goldrute-Birke Compositum Alchemistische Essenz ist ein Nahrungserg\u00e4nzungsmittel mit Destillaten von Goldrute, Birke, Liebst\u00f6ckel, B\u00e4rentraube, Ackerschachtelhalm und Ackerstiefm\u00fctterchen hergestellt nach einem speziellen, auf Paracelsus zur\u00fcckgehenden Verfahren. Goldrute und Birke sind f\u00fcr ihre entw\u00e4ssernden Eigenschaften bekannt. Alk. 16 % vol.<\/p>\n","protected":false},"featured_media":76637,"template":"","meta":{"_acf_changed":false},"product_brand":[383],"product_cat":[794],"product_tag":[],"class_list":{"0":"post-76635","1":"product","2":"type-product","3":"status-publish","4":"has-post-thumbnail","6":"product_brand-espara","7":"product_cat-e","8":"pa_packungsgroesse-30ml","10":"first","11":"instock","12":"shipping-taxable","13":"purchasable","14":"product-type-simple"},"acf":[],"_links":{"self":[{"href":"https:\/\/www.ernstbrunn-apotheke.at\/katalog\/wp-json\/wp\/v2\/product\/76635","targetHints":{"allow":["GET"]}}],"collection":[{"href":"https:\/\/www.ernstbrunn-apotheke.at\/katalog\/wp-json\/wp\/v2\/product"}],"about":[{"href":"https:\/\/www.ernstbrunn-apotheke.at\/katalog\/wp-json\/wp\/v2\/types\/product"}],"wp:featuredmedia":[{"embeddable":true,"href":"https:\/\/www.ernstbrunn-apotheke.at\/katalog\/wp-json\/wp\/v2\/media\/76637"}],"wp:attachment":[{"href":"https:\/\/www.ernstbrunn-apotheke.at\/katalog\/wp-json\/wp\/v2\/media?parent=76635"}],"wp:term":[{"taxonomy":"product_brand","embeddable":true,"href":"https:\/\/www.ernstbrunn-apotheke.at\/katalog\/wp-json\/wp\/v2\/product_brand?post=76635"},{"taxonomy":"product_cat","embeddable":true,"href":"https:\/\/www.ernstbrunn-apotheke.at\/katalog\/wp-json\/wp\/v2\/product_cat?post=76635"},{"taxonomy":"product_tag","embeddable":true,"href":"https:\/\/www.ernstbrunn-apotheke.at\/katalog\/wp-json\/wp\/v2\/product_tag?post=76635"}],"curies":[{"name":"wp","href":"https:\/\/api.w.org\/{rel}","templated":true}]}}