{"id":76632,"date":"2025-11-11T21:33:22","date_gmt":"2025-11-11T20:33:22","guid":{"rendered":"https:\/\/www.ernstbrunn-apotheke.at\/katalog\/produkt\/mantra-kapseln-original-400-weihrauch-200-stk\/"},"modified":"2025-12-08T18:48:29","modified_gmt":"2025-12-08T17:48:29","slug":"mantra-kapseln-original-400-weihrauch-200-stk","status":"publish","type":"product","link":"https:\/\/www.ernstbrunn-apotheke.at\/katalog\/produkt\/mantra-kapseln-original-400-weihrauch-200-stk\/","title":{"rendered":"Mantra Kapseln Original 400 Weihrauch 200 Stk."},"content":{"rendered":"<p>MantraPharm bietet bew\u00e4hrte Pflanzen in Premiumqualit\u00e4t als Nahrungserg\u00e4nzungsmittel \u2013 konzipiert f\u00fcr ein breites Anwendungsspektrum.Die Kombination mit Vitaminen, Mineralstoffen und Spurenelementen k\u00f6nnen einen erh\u00f6hten N\u00e4hrstoffbedarf bedienen. Bew\u00e4hrte Pflanzen tragen zur ern\u00e4hrungsphysilogischen Unterst\u00fctzung bei.<\/p>\n","protected":false},"excerpt":{"rendered":"<p>MantraPharm bietet bew\u00e4hrte Pflanzen in Premiumqualit\u00e4t als Nahrungserg\u00e4nzungsmittel \u2013 konzipiert f\u00fcr ein breites Anwendungsspektrum.Die Kombination mit Vitaminen, Mineralstoffen und Spurenelementen k\u00f6nnen einen erh\u00f6hten N\u00e4hrstoffbedarf bedienen. Bew\u00e4hrte Pflanzen tragen zur ern\u00e4hrungsphysilogischen Unterst\u00fctzung bei.<\/p>\n","protected":false},"featured_media":76634,"template":"","meta":{"_acf_changed":false},"product_brand":[],"product_cat":[800],"product_tag":[],"class_list":{"0":"post-76632","1":"product","2":"type-product","3":"status-publish","4":"has-post-thumbnail","6":"product_cat-m","7":"pa_packungsgroesse-200-stueck","9":"first","10":"instock","11":"shipping-taxable","12":"purchasable","13":"product-type-simple"},"acf":[],"_links":{"self":[{"href":"https:\/\/www.ernstbrunn-apotheke.at\/katalog\/wp-json\/wp\/v2\/product\/76632","targetHints":{"allow":["GET"]}}],"collection":[{"href":"https:\/\/www.ernstbrunn-apotheke.at\/katalog\/wp-json\/wp\/v2\/product"}],"about":[{"href":"https:\/\/www.ernstbrunn-apotheke.at\/katalog\/wp-json\/wp\/v2\/types\/product"}],"wp:featuredmedia":[{"embeddable":true,"href":"https:\/\/www.ernstbrunn-apotheke.at\/katalog\/wp-json\/wp\/v2\/media\/76634"}],"wp:attachment":[{"href":"https:\/\/www.ernstbrunn-apotheke.at\/katalog\/wp-json\/wp\/v2\/media?parent=76632"}],"wp:term":[{"taxonomy":"product_brand","embeddable":true,"href":"https:\/\/www.ernstbrunn-apotheke.at\/katalog\/wp-json\/wp\/v2\/product_brand?post=76632"},{"taxonomy":"product_cat","embeddable":true,"href":"https:\/\/www.ernstbrunn-apotheke.at\/katalog\/wp-json\/wp\/v2\/product_cat?post=76632"},{"taxonomy":"product_tag","embeddable":true,"href":"https:\/\/www.ernstbrunn-apotheke.at\/katalog\/wp-json\/wp\/v2\/product_tag?post=76632"}],"curies":[{"name":"wp","href":"https:\/\/api.w.org\/{rel}","templated":true}]}}