{"id":76630,"date":"2025-11-11T21:33:22","date_gmt":"2025-11-11T20:33:22","guid":{"rendered":"https:\/\/www.ernstbrunn-apotheke.at\/katalog\/produkt\/tiroler-steinoel-handcreme-75-ml\/"},"modified":"2025-12-08T18:48:28","modified_gmt":"2025-12-08T17:48:28","slug":"tiroler-steinoel-handcreme-75-ml","status":"publish","type":"product","link":"https:\/\/www.ernstbrunn-apotheke.at\/katalog\/produkt\/tiroler-steinoel-handcreme-75-ml\/","title":{"rendered":"TIROLER STEINOEL HANDCREME 75 ML"},"content":{"rendered":"<p>Die Tiroler Stein\u00f6l Handcreme ist eine reichhaltige Pflege, die die H\u00e4nde intensiv und langanhaltend mit Feuchtigkeit versorgt und speziell f\u00fcr strapazierte Haut geeignet. W\u00e4hrend das Original Tiroler Stein\u00f6l die Haut beruhigt und pflegt sorgen ausgew\u00e4hlte Inhaltsstoffe wie Reisst\u00e4rke, Mandel\u00f6l und Sheabutter f\u00fcr ein weiches und geschmeidiges Hautgef\u00fchl.<\/p>\n","protected":false},"excerpt":{"rendered":"<p>Die Tiroler Stein\u00f6l Handcreme ist eine reichhaltige Pflege, die die H\u00e4nde intensiv und langanhaltend mit Feuchtigkeit versorgt und speziell f\u00fcr strapazierte Haut geeignet. W\u00e4hrend das Original Tiroler Stein\u00f6l die Haut beruhigt und pflegt sorgen ausgew\u00e4hlte Inhaltsstoffe wie Reisst\u00e4rke, Mandel\u00f6l und Sheabutter f\u00fcr ein weiches und geschmeidiges Hautgef\u00fchl.<\/p>\n","protected":false},"featured_media":0,"template":"","meta":{"_acf_changed":false},"product_brand":[811],"product_cat":[798],"product_tag":[],"class_list":{"0":"post-76630","1":"product","2":"type-product","3":"status-publish","5":"product_brand-tiroler-steinoel","6":"product_cat-t","7":"pa_packungsgroesse-75ml","9":"first","10":"instock","11":"shipping-taxable","12":"purchasable","13":"product-type-simple"},"acf":[],"_links":{"self":[{"href":"https:\/\/www.ernstbrunn-apotheke.at\/katalog\/wp-json\/wp\/v2\/product\/76630","targetHints":{"allow":["GET"]}}],"collection":[{"href":"https:\/\/www.ernstbrunn-apotheke.at\/katalog\/wp-json\/wp\/v2\/product"}],"about":[{"href":"https:\/\/www.ernstbrunn-apotheke.at\/katalog\/wp-json\/wp\/v2\/types\/product"}],"wp:attachment":[{"href":"https:\/\/www.ernstbrunn-apotheke.at\/katalog\/wp-json\/wp\/v2\/media?parent=76630"}],"wp:term":[{"taxonomy":"product_brand","embeddable":true,"href":"https:\/\/www.ernstbrunn-apotheke.at\/katalog\/wp-json\/wp\/v2\/product_brand?post=76630"},{"taxonomy":"product_cat","embeddable":true,"href":"https:\/\/www.ernstbrunn-apotheke.at\/katalog\/wp-json\/wp\/v2\/product_cat?post=76630"},{"taxonomy":"product_tag","embeddable":true,"href":"https:\/\/www.ernstbrunn-apotheke.at\/katalog\/wp-json\/wp\/v2\/product_tag?post=76630"}],"curies":[{"name":"wp","href":"https:\/\/api.w.org\/{rel}","templated":true}]}}