{"id":76602,"date":"2025-11-11T21:32:20","date_gmt":"2025-11-11T20:32:20","guid":{"rendered":"https:\/\/www.ernstbrunn-apotheke.at\/katalog\/produkt\/celyoung-age-less-augencreme-15-ml\/"},"modified":"2025-12-08T18:48:15","modified_gmt":"2025-12-08T17:48:15","slug":"celyoung-age-less-augencreme-15-ml","status":"publish","type":"product","link":"https:\/\/www.ernstbrunn-apotheke.at\/katalog\/produkt\/celyoung-age-less-augencreme-15-ml\/","title":{"rendered":"Celyoung Age Less Augencreme 15 ml"},"content":{"rendered":"<p>Unter dem Motto \u2013 f\u00fcr Gesundheit, Sch\u00f6nheit, Wohlbefinden\u2013 ist die Drogerie Junek bemht, das Beste f\u00fcr ihre Kunden und deren Bedrfnisse zu bieten.Neben Teespezialit\u00e4ten, Geschenks- und Drogerieartikeln finden Sie auch dekorative Kosmetik, sowie K\u00f6rperpflegeprodukte.<\/p>\n","protected":false},"excerpt":{"rendered":"<p>Unter dem Motto \u2013 f\u00fcr Gesundheit, Sch\u00f6nheit, Wohlbefinden\u2013 ist die Drogerie Junek bemht, das Beste f\u00fcr ihre Kunden und deren Bedrfnisse zu bieten.Neben Teespezialit\u00e4ten, Geschenks- und Drogerieartikeln finden Sie auch dekorative Kosmetik, sowie K\u00f6rperpflegeprodukte.<\/p>\n","protected":false},"featured_media":0,"template":"","meta":{"_acf_changed":false},"product_brand":[690],"product_cat":[812],"product_tag":[],"class_list":{"0":"post-76602","1":"product","2":"type-product","3":"status-publish","5":"product_brand-celyoung","6":"product_cat-c","7":"pa_packungsgroesse-15ml","9":"first","10":"instock","11":"shipping-taxable","12":"purchasable","13":"product-type-simple"},"acf":[],"_links":{"self":[{"href":"https:\/\/www.ernstbrunn-apotheke.at\/katalog\/wp-json\/wp\/v2\/product\/76602","targetHints":{"allow":["GET"]}}],"collection":[{"href":"https:\/\/www.ernstbrunn-apotheke.at\/katalog\/wp-json\/wp\/v2\/product"}],"about":[{"href":"https:\/\/www.ernstbrunn-apotheke.at\/katalog\/wp-json\/wp\/v2\/types\/product"}],"wp:attachment":[{"href":"https:\/\/www.ernstbrunn-apotheke.at\/katalog\/wp-json\/wp\/v2\/media?parent=76602"}],"wp:term":[{"taxonomy":"product_brand","embeddable":true,"href":"https:\/\/www.ernstbrunn-apotheke.at\/katalog\/wp-json\/wp\/v2\/product_brand?post=76602"},{"taxonomy":"product_cat","embeddable":true,"href":"https:\/\/www.ernstbrunn-apotheke.at\/katalog\/wp-json\/wp\/v2\/product_cat?post=76602"},{"taxonomy":"product_tag","embeddable":true,"href":"https:\/\/www.ernstbrunn-apotheke.at\/katalog\/wp-json\/wp\/v2\/product_tag?post=76602"}],"curies":[{"name":"wp","href":"https:\/\/api.w.org\/{rel}","templated":true}]}}