{"id":76582,"date":"2025-11-11T21:32:20","date_gmt":"2025-11-11T20:32:20","guid":{"rendered":"https:\/\/www.ernstbrunn-apotheke.at\/katalog\/produkt\/life-light-krill-plus-kapseln-60-stk\/"},"modified":"2025-12-08T18:48:12","modified_gmt":"2025-12-08T17:48:12","slug":"life-light-krill-plus-kapseln-60-stk","status":"publish","type":"product","link":"https:\/\/www.ernstbrunn-apotheke.at\/katalog\/produkt\/life-light-krill-plus-kapseln-60-stk\/","title":{"rendered":"Life Light Krill Plus Kapseln 60 Stk."},"content":{"rendered":"<p>Life Light Krill Plus Kapseln sind ein hochwertiger, rubinroter Krill\u00f6l-Komplex aus Antarktischem Krill. Die Kapseln sind reich an essentiellen, mehrfach unges\u00e4ttigten Omega 3-Fetts\u00e4uren mit EPA und DHA, die bei einer t\u00e4glichen Aufnahme zu einer normalen Herzfunktion beitragen.<\/p>\n","protected":false},"excerpt":{"rendered":"<p>Life Light Krill Plus Kapseln sind ein hochwertiger, rubinroter Krill\u00f6l-Komplex aus Antarktischem Krill. Die Kapseln sind reich an essentiellen, mehrfach unges\u00e4ttigten Omega 3-Fetts\u00e4uren mit EPA und DHA, die bei einer t\u00e4glichen Aufnahme zu einer normalen Herzfunktion beitragen.<\/p>\n","protected":false},"featured_media":76584,"template":"","meta":{"_acf_changed":false},"product_brand":[],"product_cat":[795],"product_tag":[],"class_list":{"0":"post-76582","1":"product","2":"type-product","3":"status-publish","4":"has-post-thumbnail","6":"product_cat-l","7":"pa_packungsgroesse-60-stueck","9":"first","10":"instock","11":"shipping-taxable","12":"purchasable","13":"product-type-simple"},"acf":[],"_links":{"self":[{"href":"https:\/\/www.ernstbrunn-apotheke.at\/katalog\/wp-json\/wp\/v2\/product\/76582","targetHints":{"allow":["GET"]}}],"collection":[{"href":"https:\/\/www.ernstbrunn-apotheke.at\/katalog\/wp-json\/wp\/v2\/product"}],"about":[{"href":"https:\/\/www.ernstbrunn-apotheke.at\/katalog\/wp-json\/wp\/v2\/types\/product"}],"wp:featuredmedia":[{"embeddable":true,"href":"https:\/\/www.ernstbrunn-apotheke.at\/katalog\/wp-json\/wp\/v2\/media\/76584"}],"wp:attachment":[{"href":"https:\/\/www.ernstbrunn-apotheke.at\/katalog\/wp-json\/wp\/v2\/media?parent=76582"}],"wp:term":[{"taxonomy":"product_brand","embeddable":true,"href":"https:\/\/www.ernstbrunn-apotheke.at\/katalog\/wp-json\/wp\/v2\/product_brand?post=76582"},{"taxonomy":"product_cat","embeddable":true,"href":"https:\/\/www.ernstbrunn-apotheke.at\/katalog\/wp-json\/wp\/v2\/product_cat?post=76582"},{"taxonomy":"product_tag","embeddable":true,"href":"https:\/\/www.ernstbrunn-apotheke.at\/katalog\/wp-json\/wp\/v2\/product_tag?post=76582"}],"curies":[{"name":"wp","href":"https:\/\/api.w.org\/{rel}","templated":true}]}}