{"id":76372,"date":"2025-11-11T21:28:16","date_gmt":"2025-11-11T20:28:16","guid":{"rendered":"https:\/\/www.ernstbrunn-apotheke.at\/katalog\/produkt\/kuehlware-marillenkern-naturoel-pur-bio-100-ml\/"},"modified":"2025-12-08T18:47:07","modified_gmt":"2025-12-08T17:47:07","slug":"kuehlware-marillenkern-naturoel-pur-bio-100-ml","status":"publish","type":"product","link":"https:\/\/www.ernstbrunn-apotheke.at\/katalog\/produkt\/kuehlware-marillenkern-naturoel-pur-bio-100-ml\/","title":{"rendered":"*K\u00dcHLWARE* Marillenkern Natur\u00f6l Pur Bio 100 ml"},"content":{"rendered":"<p class=\"MsoNormal\">Das pure\u00d6l von der BIO Marille Die Auswahl hochwertigster Marillenkerne bildet dieGrundlage f\u00fcr dieses pure Natur\u00f6l. Mit einer schonendsten Verarbeitung ist esuns gelungen das kostbare \u00d6l zu veredeln: Die Kerne werden rein mechanischkaltgepresst und mit den wertvollen Inhaltsstoffen abgef\u00fcllt. Nat\u00fcrlich ohnejegliche Zusatzstoffe und nicht raffiniert.<\/p>\n<p>Unser Tipp Das erlesene Marillenkern\u00f6l bestichtdurch ein \u00fcberragendes Marzipan-Aroma, einem Hauch von Amaretto und auchnussigen Geschmacksanteilen. Seine mannigfaltigen Anwendungsm\u00f6glichkeitenbieten viel Spielraum f\u00fcr Kreativit\u00e4t: Durch das \u00d6l verfeinern Sie Fr\u00fcchte oderw\u00fcrzigen K\u00e4se, aromatisieren Beilagen wie Reis, Nudeln oder Gem\u00fcse oderverbessern eine Tomatensuppe<\/p>\n","protected":false},"excerpt":{"rendered":"<p>Das pure\u00d6l von der BIO Marille Die Auswahl hochwertigster Marillenkerne bildet dieGrundlage f\u00fcr dieses pure Natur\u00f6l. Mit einer schonendsten Verarbeitung ist esuns gelungen das kostbare \u00d6l zu veredeln: Die Kerne werden rein mechanischkaltgepresst und mit den wertvollen Inhaltsstoffen abgef\u00fcllt. Nat\u00fcrlich ohnejegliche Zusatzstoffe und nicht raffiniert. Unser Tipp Das erlesene Marillenkern\u00f6l bestichtdurch ein \u00fcberragendes Marzipan-Aroma, einem [&hellip;]<\/p>\n","protected":false},"featured_media":76374,"template":"","meta":{"_acf_changed":false},"product_brand":[],"product_cat":[800],"product_tag":[],"class_list":{"0":"post-76372","1":"product","2":"type-product","3":"status-publish","4":"has-post-thumbnail","6":"product_cat-m","7":"pa_packungsgroesse-100ml","9":"first","10":"instock","11":"shipping-taxable","12":"purchasable","13":"product-type-simple"},"acf":[],"_links":{"self":[{"href":"https:\/\/www.ernstbrunn-apotheke.at\/katalog\/wp-json\/wp\/v2\/product\/76372","targetHints":{"allow":["GET"]}}],"collection":[{"href":"https:\/\/www.ernstbrunn-apotheke.at\/katalog\/wp-json\/wp\/v2\/product"}],"about":[{"href":"https:\/\/www.ernstbrunn-apotheke.at\/katalog\/wp-json\/wp\/v2\/types\/product"}],"wp:featuredmedia":[{"embeddable":true,"href":"https:\/\/www.ernstbrunn-apotheke.at\/katalog\/wp-json\/wp\/v2\/media\/76374"}],"wp:attachment":[{"href":"https:\/\/www.ernstbrunn-apotheke.at\/katalog\/wp-json\/wp\/v2\/media?parent=76372"}],"wp:term":[{"taxonomy":"product_brand","embeddable":true,"href":"https:\/\/www.ernstbrunn-apotheke.at\/katalog\/wp-json\/wp\/v2\/product_brand?post=76372"},{"taxonomy":"product_cat","embeddable":true,"href":"https:\/\/www.ernstbrunn-apotheke.at\/katalog\/wp-json\/wp\/v2\/product_cat?post=76372"},{"taxonomy":"product_tag","embeddable":true,"href":"https:\/\/www.ernstbrunn-apotheke.at\/katalog\/wp-json\/wp\/v2\/product_tag?post=76372"}],"curies":[{"name":"wp","href":"https:\/\/api.w.org\/{rel}","templated":true}]}}