{"id":76360,"date":"2025-11-11T21:28:16","date_gmt":"2025-11-11T20:28:16","guid":{"rendered":"https:\/\/www.ernstbrunn-apotheke.at\/katalog\/produkt\/osp22-fitness-lotion-100-ml\/"},"modified":"2025-12-08T18:47:00","modified_gmt":"2025-12-08T17:47:00","slug":"osp22-fitness-lotion-100-ml","status":"publish","type":"product","link":"https:\/\/www.ernstbrunn-apotheke.at\/katalog\/produkt\/osp22-fitness-lotion-100-ml\/","title":{"rendered":"OSP22 Fitness Lotion 100 ml"},"content":{"rendered":"<p>OSP22\u00ae Fitness Aktiv Lotion wurde entwickelt, um die Regeneration m\u00fcder Beine oder verspannter Muskulatur nach Sport und anderer k\u00f6rperlicher Anstrengung auf nat\u00fcrliche Weise zu unterst\u00fctzen. Die spezielle Kombination nat\u00fcrlicher Inhaltsstoffe ist leicht mitzunehmen, z.B. auf Wanderungen, auf die Fahrradtour oder einfach immer in der Sporttasche. Die Fitness Aktiv Lotion von OSP22\u00ae ist besonders auch bei Physiotherapeuten zum Abschluss einer Massage im Einsatz.<\/p>\n","protected":false},"excerpt":{"rendered":"<p>OSP22\u00ae Fitness Aktiv Lotion wurde entwickelt, um die Regeneration m\u00fcder Beine oder verspannter Muskulatur nach Sport und anderer k\u00f6rperlicher Anstrengung auf nat\u00fcrliche Weise zu unterst\u00fctzen. Die spezielle Kombination nat\u00fcrlicher Inhaltsstoffe ist leicht mitzunehmen, z.B. auf Wanderungen, auf die Fahrradtour oder einfach immer in der Sporttasche. Die Fitness Aktiv Lotion von OSP22\u00ae ist besonders auch bei [&hellip;]<\/p>\n","protected":false},"featured_media":76362,"template":"","meta":{"_acf_changed":false},"product_brand":[],"product_cat":[819],"product_tag":[],"class_list":{"0":"post-76360","1":"product","2":"type-product","3":"status-publish","4":"has-post-thumbnail","6":"product_cat-o","7":"pa_packungsgroesse-100ml","9":"first","10":"instock","11":"shipping-taxable","12":"purchasable","13":"product-type-simple"},"acf":[],"_links":{"self":[{"href":"https:\/\/www.ernstbrunn-apotheke.at\/katalog\/wp-json\/wp\/v2\/product\/76360","targetHints":{"allow":["GET"]}}],"collection":[{"href":"https:\/\/www.ernstbrunn-apotheke.at\/katalog\/wp-json\/wp\/v2\/product"}],"about":[{"href":"https:\/\/www.ernstbrunn-apotheke.at\/katalog\/wp-json\/wp\/v2\/types\/product"}],"wp:featuredmedia":[{"embeddable":true,"href":"https:\/\/www.ernstbrunn-apotheke.at\/katalog\/wp-json\/wp\/v2\/media\/76362"}],"wp:attachment":[{"href":"https:\/\/www.ernstbrunn-apotheke.at\/katalog\/wp-json\/wp\/v2\/media?parent=76360"}],"wp:term":[{"taxonomy":"product_brand","embeddable":true,"href":"https:\/\/www.ernstbrunn-apotheke.at\/katalog\/wp-json\/wp\/v2\/product_brand?post=76360"},{"taxonomy":"product_cat","embeddable":true,"href":"https:\/\/www.ernstbrunn-apotheke.at\/katalog\/wp-json\/wp\/v2\/product_cat?post=76360"},{"taxonomy":"product_tag","embeddable":true,"href":"https:\/\/www.ernstbrunn-apotheke.at\/katalog\/wp-json\/wp\/v2\/product_tag?post=76360"}],"curies":[{"name":"wp","href":"https:\/\/api.w.org\/{rel}","templated":true}]}}