{"id":76290,"date":"2025-11-11T21:26:45","date_gmt":"2025-11-11T20:26:45","guid":{"rendered":"https:\/\/www.ernstbrunn-apotheke.at\/katalog\/produkt\/dr-ehrenberger-tausendgueldenkraut-kapseln-bio-180-stk\/"},"modified":"2025-12-08T18:46:39","modified_gmt":"2025-12-08T17:46:39","slug":"dr-ehrenberger-tausendgueldenkraut-kapseln-bio-180-stk","status":"publish","type":"product","link":"https:\/\/www.ernstbrunn-apotheke.at\/katalog\/produkt\/dr-ehrenberger-tausendgueldenkraut-kapseln-bio-180-stk\/","title":{"rendered":"Dr. Ehrenberger Tausendg\u00fcldenkraut Kapseln BIO 180 Stk."},"content":{"rendered":"<p>Dr. Ehrenberger Tausendg\u00fcldenkraut Kapseln BIO erm\u00f6glichen das angenehme Einnehmen von wertvollen Bitterstoffen. Diese werden zwar schon seit langer Zeit unserer Ern\u00e4hrung entzogen, sind jedoch essentiell, um unsere Nahrung richtig zu verdauen. Das Produkt ist 100% nat\u00fcrlichen Ursprungs.<\/p>\n","protected":false},"excerpt":{"rendered":"<p>Dr. Ehrenberger Tausendg\u00fcldenkraut Kapseln BIO erm\u00f6glichen das angenehme Einnehmen von wertvollen Bitterstoffen. Diese werden zwar schon seit langer Zeit unserer Ern\u00e4hrung entzogen, sind jedoch essentiell, um unsere Nahrung richtig zu verdauen. Das Produkt ist 100% nat\u00fcrlichen Ursprungs.<\/p>\n","protected":false},"featured_media":76292,"template":"","meta":{"_acf_changed":false},"product_brand":[509],"product_cat":[792],"product_tag":[],"class_list":{"0":"post-76290","1":"product","2":"type-product","3":"status-publish","4":"has-post-thumbnail","6":"product_brand-dr-ehrenberger","7":"product_cat-d","8":"pa_packungsgroesse-180-stueck","10":"first","11":"instock","12":"shipping-taxable","13":"purchasable","14":"product-type-simple"},"acf":[],"_links":{"self":[{"href":"https:\/\/www.ernstbrunn-apotheke.at\/katalog\/wp-json\/wp\/v2\/product\/76290","targetHints":{"allow":["GET"]}}],"collection":[{"href":"https:\/\/www.ernstbrunn-apotheke.at\/katalog\/wp-json\/wp\/v2\/product"}],"about":[{"href":"https:\/\/www.ernstbrunn-apotheke.at\/katalog\/wp-json\/wp\/v2\/types\/product"}],"wp:featuredmedia":[{"embeddable":true,"href":"https:\/\/www.ernstbrunn-apotheke.at\/katalog\/wp-json\/wp\/v2\/media\/76292"}],"wp:attachment":[{"href":"https:\/\/www.ernstbrunn-apotheke.at\/katalog\/wp-json\/wp\/v2\/media?parent=76290"}],"wp:term":[{"taxonomy":"product_brand","embeddable":true,"href":"https:\/\/www.ernstbrunn-apotheke.at\/katalog\/wp-json\/wp\/v2\/product_brand?post=76290"},{"taxonomy":"product_cat","embeddable":true,"href":"https:\/\/www.ernstbrunn-apotheke.at\/katalog\/wp-json\/wp\/v2\/product_cat?post=76290"},{"taxonomy":"product_tag","embeddable":true,"href":"https:\/\/www.ernstbrunn-apotheke.at\/katalog\/wp-json\/wp\/v2\/product_tag?post=76290"}],"curies":[{"name":"wp","href":"https:\/\/api.w.org\/{rel}","templated":true}]}}