{"id":76254,"date":"2025-11-11T21:25:50","date_gmt":"2025-11-11T20:25:50","guid":{"rendered":"https:\/\/www.ernstbrunn-apotheke.at\/katalog\/produkt\/tierra-verde-noni-saft-1l\/"},"modified":"2025-12-08T18:46:26","modified_gmt":"2025-12-08T17:46:26","slug":"tierra-verde-noni-saft-1l","status":"publish","type":"product","link":"https:\/\/www.ernstbrunn-apotheke.at\/katalog\/produkt\/tierra-verde-noni-saft-1l\/","title":{"rendered":"Tierra Verde Noni Saft 1L"},"content":{"rendered":"<p>Tierra Verde Noni Saft: Die Noni soll rund 60 Substanzen enthalten, die allgemein f\u00fcr ihre gesundheitsf\u00f6rdernden Auswirkungen auf den menschlichen K\u00f6rper bekannt sind. Darunter befinden sich Aminos\u00e4uren (wichtig f\u00fcr Zellaufbau, Immunsystem, Stoffwechsel und Hormone), Enzyme (wichtig z.B. f\u00fcr Schlaf, Verdauung und Energiehaushalt) und Fetts\u00e4uren (Schutz unserer Organe, Vorbeugung von Herzkrankheiten, Verwertung von fettl\u00f6slichen Vitaminen).Weiterhin enthalte der Saft Eisen, Kalium, Kalzium, Magnesium, Selen, Mangan, Kupfer, Zink sowie die Vitamine A, C, E, H und B-Vitamine.<\/p>\n","protected":false},"excerpt":{"rendered":"<p>Tierra Verde Noni Saft: Die Noni soll rund 60 Substanzen enthalten, die allgemein f\u00fcr ihre gesundheitsf\u00f6rdernden Auswirkungen auf den menschlichen K\u00f6rper bekannt sind. Darunter befinden sich Aminos\u00e4uren (wichtig f\u00fcr Zellaufbau, Immunsystem, Stoffwechsel und Hormone), Enzyme (wichtig z.B. f\u00fcr Schlaf, Verdauung und Energiehaushalt) und Fetts\u00e4uren (Schutz unserer Organe, Vorbeugung von Herzkrankheiten, Verwertung von fettl\u00f6slichen Vitaminen).Weiterhin enthalte [&hellip;]<\/p>\n","protected":false},"featured_media":76256,"template":"","meta":{"_acf_changed":false},"product_brand":[],"product_cat":[798],"product_tag":[],"class_list":{"0":"post-76254","1":"product","2":"type-product","3":"status-publish","4":"has-post-thumbnail","6":"product_cat-t","7":"pa_packungsgroesse-1l","9":"first","10":"instock","11":"shipping-taxable","12":"purchasable","13":"product-type-simple"},"acf":[],"_links":{"self":[{"href":"https:\/\/www.ernstbrunn-apotheke.at\/katalog\/wp-json\/wp\/v2\/product\/76254","targetHints":{"allow":["GET"]}}],"collection":[{"href":"https:\/\/www.ernstbrunn-apotheke.at\/katalog\/wp-json\/wp\/v2\/product"}],"about":[{"href":"https:\/\/www.ernstbrunn-apotheke.at\/katalog\/wp-json\/wp\/v2\/types\/product"}],"wp:featuredmedia":[{"embeddable":true,"href":"https:\/\/www.ernstbrunn-apotheke.at\/katalog\/wp-json\/wp\/v2\/media\/76256"}],"wp:attachment":[{"href":"https:\/\/www.ernstbrunn-apotheke.at\/katalog\/wp-json\/wp\/v2\/media?parent=76254"}],"wp:term":[{"taxonomy":"product_brand","embeddable":true,"href":"https:\/\/www.ernstbrunn-apotheke.at\/katalog\/wp-json\/wp\/v2\/product_brand?post=76254"},{"taxonomy":"product_cat","embeddable":true,"href":"https:\/\/www.ernstbrunn-apotheke.at\/katalog\/wp-json\/wp\/v2\/product_cat?post=76254"},{"taxonomy":"product_tag","embeddable":true,"href":"https:\/\/www.ernstbrunn-apotheke.at\/katalog\/wp-json\/wp\/v2\/product_tag?post=76254"}],"curies":[{"name":"wp","href":"https:\/\/api.w.org\/{rel}","templated":true}]}}