{"id":76003,"date":"2025-11-11T21:21:00","date_gmt":"2025-11-11T20:21:00","guid":{"rendered":"https:\/\/www.ernstbrunn-apotheke.at\/katalog\/produkt\/bios-l-methionin-500-mg-kapseln\/"},"modified":"2025-12-08T18:44:57","modified_gmt":"2025-12-08T17:44:57","slug":"bios-l-methionin-500-mg-kapseln","status":"publish","type":"product","link":"https:\/\/www.ernstbrunn-apotheke.at\/katalog\/produkt\/bios-l-methionin-500-mg-kapseln\/","title":{"rendered":"Bios L-Methionin 500 mg Kapseln"},"content":{"rendered":"<p>Bios L-Methionin 500 mg Kapseln enthalten 500 mg L-Methionin in einer Hartgelatinekapsel. L-Methionin geh\u00f6rt zu den essentiellen Aminos\u00e4uren. Als schwefelhaltige Aminos\u00e4ure ist sie neben L-Cystein und L-Cystin eine wichtige Quelle des organisch gebundenen Schwefels. Der Schwefelgehalt der Eiwei\u00dfe beruht auf dem Gehalt an diesen Aminos\u00e4uren.<\/p>\n","protected":false},"excerpt":{"rendered":"<p>Bios L-Methionin 500 mg Kapseln enthalten 500 mg L-Methionin in einer Hartgelatinekapsel. L-Methionin geh\u00f6rt zu den essentiellen Aminos\u00e4uren. Als schwefelhaltige Aminos\u00e4ure ist sie neben L-Cystein und L-Cystin eine wichtige Quelle des organisch gebundenen Schwefels. Der Schwefelgehalt der Eiwei\u00dfe beruht auf dem Gehalt an diesen Aminos\u00e4uren.<\/p>\n","protected":false},"featured_media":0,"template":"","meta":{"_acf_changed":false},"product_brand":[],"product_cat":[802],"product_tag":[],"class_list":{"0":"post-76003","1":"product","2":"type-product","3":"status-publish","5":"product_cat-b","6":"pa_packungsgroesse-100-stueck","8":"first","9":"instock","10":"shipping-taxable","11":"purchasable","12":"product-type-simple"},"acf":[],"_links":{"self":[{"href":"https:\/\/www.ernstbrunn-apotheke.at\/katalog\/wp-json\/wp\/v2\/product\/76003","targetHints":{"allow":["GET"]}}],"collection":[{"href":"https:\/\/www.ernstbrunn-apotheke.at\/katalog\/wp-json\/wp\/v2\/product"}],"about":[{"href":"https:\/\/www.ernstbrunn-apotheke.at\/katalog\/wp-json\/wp\/v2\/types\/product"}],"wp:attachment":[{"href":"https:\/\/www.ernstbrunn-apotheke.at\/katalog\/wp-json\/wp\/v2\/media?parent=76003"}],"wp:term":[{"taxonomy":"product_brand","embeddable":true,"href":"https:\/\/www.ernstbrunn-apotheke.at\/katalog\/wp-json\/wp\/v2\/product_brand?post=76003"},{"taxonomy":"product_cat","embeddable":true,"href":"https:\/\/www.ernstbrunn-apotheke.at\/katalog\/wp-json\/wp\/v2\/product_cat?post=76003"},{"taxonomy":"product_tag","embeddable":true,"href":"https:\/\/www.ernstbrunn-apotheke.at\/katalog\/wp-json\/wp\/v2\/product_tag?post=76003"}],"curies":[{"name":"wp","href":"https:\/\/api.w.org\/{rel}","templated":true}]}}