{"id":75944,"date":"2025-11-11T21:20:32","date_gmt":"2025-11-11T20:20:32","guid":{"rendered":"https:\/\/www.ernstbrunn-apotheke.at\/katalog\/produkt\/l-tryptophan-250mg-kapseln-2\/"},"modified":"2025-12-08T18:44:38","modified_gmt":"2025-12-08T17:44:38","slug":"l-tryptophan-250mg-kapseln-2","status":"publish","type":"product","link":"https:\/\/www.ernstbrunn-apotheke.at\/katalog\/produkt\/l-tryptophan-250mg-kapseln-2\/","title":{"rendered":"L &#8211; Tryptophan 250mg Kapseln"},"content":{"rendered":"<p>Gall Pharma L-Tryptophan 250 mg Kapseln 180 Stk. enthalten 250 mg L-Tryptophan in einer Hartgelatinekapsel. 3 % des gew\u00f6hnlichen L-Tryptophans wird im K\u00f6rper, wenn es eingenommen wird, zu Serotonin umgewandelt. Serotonin ist verantwortlich f\u00fcr innere Ruhe, Ausgeglichenheit und f\u00fcr Gl\u00fccksgef\u00fchle. Dieses Hormon stellt somit einen Stressregulator dar.<\/p>\n","protected":false},"excerpt":{"rendered":"<p>Gall Pharma L-Tryptophan 250 mg Kapseln 180 Stk. enthalten 250 mg L-Tryptophan in einer Hartgelatinekapsel. 3 % des gew\u00f6hnlichen L-Tryptophans wird im K\u00f6rper, wenn es eingenommen wird, zu Serotonin umgewandelt. Serotonin ist verantwortlich f\u00fcr innere Ruhe, Ausgeglichenheit und f\u00fcr Gl\u00fccksgef\u00fchle. Dieses Hormon stellt somit einen Stressregulator dar.<\/p>\n","protected":false},"featured_media":75946,"template":"","meta":{"_acf_changed":false},"product_brand":[371],"product_cat":[795],"product_tag":[],"class_list":{"0":"post-75944","1":"product","2":"type-product","3":"status-publish","4":"has-post-thumbnail","6":"product_brand-gall-pharma","7":"product_cat-l","8":"pa_packungsgroesse-180-stueck","10":"first","11":"instock","12":"shipping-taxable","13":"purchasable","14":"product-type-simple"},"acf":[],"_links":{"self":[{"href":"https:\/\/www.ernstbrunn-apotheke.at\/katalog\/wp-json\/wp\/v2\/product\/75944","targetHints":{"allow":["GET"]}}],"collection":[{"href":"https:\/\/www.ernstbrunn-apotheke.at\/katalog\/wp-json\/wp\/v2\/product"}],"about":[{"href":"https:\/\/www.ernstbrunn-apotheke.at\/katalog\/wp-json\/wp\/v2\/types\/product"}],"wp:featuredmedia":[{"embeddable":true,"href":"https:\/\/www.ernstbrunn-apotheke.at\/katalog\/wp-json\/wp\/v2\/media\/75946"}],"wp:attachment":[{"href":"https:\/\/www.ernstbrunn-apotheke.at\/katalog\/wp-json\/wp\/v2\/media?parent=75944"}],"wp:term":[{"taxonomy":"product_brand","embeddable":true,"href":"https:\/\/www.ernstbrunn-apotheke.at\/katalog\/wp-json\/wp\/v2\/product_brand?post=75944"},{"taxonomy":"product_cat","embeddable":true,"href":"https:\/\/www.ernstbrunn-apotheke.at\/katalog\/wp-json\/wp\/v2\/product_cat?post=75944"},{"taxonomy":"product_tag","embeddable":true,"href":"https:\/\/www.ernstbrunn-apotheke.at\/katalog\/wp-json\/wp\/v2\/product_tag?post=75944"}],"curies":[{"name":"wp","href":"https:\/\/api.w.org\/{rel}","templated":true}]}}