{"id":75902,"date":"2025-11-11T21:19:43","date_gmt":"2025-11-11T20:19:43","guid":{"rendered":"https:\/\/www.ernstbrunn-apotheke.at\/katalog\/produkt\/arthrosamin-gelenk-strong-kp-90-st\/"},"modified":"2025-12-08T18:44:25","modified_gmt":"2025-12-08T17:44:25","slug":"arthrosamin-gelenk-strong-kp-90-st","status":"publish","type":"product","link":"https:\/\/www.ernstbrunn-apotheke.at\/katalog\/produkt\/arthrosamin-gelenk-strong-kp-90-st\/","title":{"rendered":"ARTHROSAMIN GELENK STRONG KP 90 ST"},"content":{"rendered":"<p>Arthrosamin strong Gelenkkapseln sind ein Nahrungserg\u00e4nzungsmittel mit hochdosiertem Glucosamin und Chondroitin. Dar\u00fcber hinaus enth\u00e4lt jede Kapsel 50 mg Hyalurons\u00e4ure und zus\u00e4tzlich die Vitamine C, D und K<\/p>\n","protected":false},"excerpt":{"rendered":"<p>Arthrosamin strong Gelenkkapseln sind ein Nahrungserg\u00e4nzungsmittel mit hochdosiertem Glucosamin und Chondroitin. Dar\u00fcber hinaus enth\u00e4lt jede Kapsel 50 mg Hyalurons\u00e4ure und zus\u00e4tzlich die Vitamine C, D und K<\/p>\n","protected":false},"featured_media":75904,"template":"","meta":{"_acf_changed":false},"product_brand":[],"product_cat":[801],"product_tag":[],"class_list":{"0":"post-75902","1":"product","2":"type-product","3":"status-publish","4":"has-post-thumbnail","6":"product_cat-a","7":"pa_geschmack-neutral","8":"pa_packungsgroesse-90-stueck","10":"first","11":"instock","12":"shipping-taxable","13":"purchasable","14":"product-type-simple"},"acf":[],"_links":{"self":[{"href":"https:\/\/www.ernstbrunn-apotheke.at\/katalog\/wp-json\/wp\/v2\/product\/75902","targetHints":{"allow":["GET"]}}],"collection":[{"href":"https:\/\/www.ernstbrunn-apotheke.at\/katalog\/wp-json\/wp\/v2\/product"}],"about":[{"href":"https:\/\/www.ernstbrunn-apotheke.at\/katalog\/wp-json\/wp\/v2\/types\/product"}],"wp:featuredmedia":[{"embeddable":true,"href":"https:\/\/www.ernstbrunn-apotheke.at\/katalog\/wp-json\/wp\/v2\/media\/75904"}],"wp:attachment":[{"href":"https:\/\/www.ernstbrunn-apotheke.at\/katalog\/wp-json\/wp\/v2\/media?parent=75902"}],"wp:term":[{"taxonomy":"product_brand","embeddable":true,"href":"https:\/\/www.ernstbrunn-apotheke.at\/katalog\/wp-json\/wp\/v2\/product_brand?post=75902"},{"taxonomy":"product_cat","embeddable":true,"href":"https:\/\/www.ernstbrunn-apotheke.at\/katalog\/wp-json\/wp\/v2\/product_cat?post=75902"},{"taxonomy":"product_tag","embeddable":true,"href":"https:\/\/www.ernstbrunn-apotheke.at\/katalog\/wp-json\/wp\/v2\/product_tag?post=75902"}],"curies":[{"name":"wp","href":"https:\/\/api.w.org\/{rel}","templated":true}]}}