{"id":75880,"date":"2025-11-11T21:18:38","date_gmt":"2025-11-11T20:18:38","guid":{"rendered":"https:\/\/www.ernstbrunn-apotheke.at\/katalog\/produkt\/burgit-anti-hornhaut-fussbad-540-g\/"},"modified":"2025-12-08T18:44:19","modified_gmt":"2025-12-08T17:44:19","slug":"burgit-anti-hornhaut-fussbad-540-g","status":"publish","type":"product","link":"https:\/\/www.ernstbrunn-apotheke.at\/katalog\/produkt\/burgit-anti-hornhaut-fussbad-540-g\/","title":{"rendered":"Burgit Anti Hornhaut Fu\u00dfbad 540 g"},"content":{"rendered":"<p>Burgit Anti Hornhaut Fu\u00dfbad ist die optimale Vorbereitung f\u00fcr die Pedik\u00fcre. Harte Haut und Hornhaut werden gr\u00fcndlich aufgeweicht und lassen sich durch Urea Perlen leicht entfernen. Zus\u00e4tuzlich macht das enthaltene Macadamianuss\u00f6l die Haut glatt und geschmeidig..<\/p>\n","protected":false},"excerpt":{"rendered":"<p>Burgit Anti Hornhaut Fu\u00dfbad ist die optimale Vorbereitung f\u00fcr die Pedik\u00fcre. Harte Haut und Hornhaut werden gr\u00fcndlich aufgeweicht und lassen sich durch Urea Perlen leicht entfernen. Zus\u00e4tuzlich macht das enthaltene Macadamianuss\u00f6l die Haut glatt und geschmeidig..<\/p>\n","protected":false},"featured_media":75882,"template":"","meta":{"_acf_changed":false},"product_brand":[739],"product_cat":[802],"product_tag":[],"class_list":{"0":"post-75880","1":"product","2":"type-product","3":"status-publish","4":"has-post-thumbnail","6":"product_brand-burgit","7":"product_cat-b","8":"pa_packungsgroesse-500g","10":"first","11":"instock","12":"shipping-taxable","13":"purchasable","14":"product-type-simple"},"acf":[],"_links":{"self":[{"href":"https:\/\/www.ernstbrunn-apotheke.at\/katalog\/wp-json\/wp\/v2\/product\/75880","targetHints":{"allow":["GET"]}}],"collection":[{"href":"https:\/\/www.ernstbrunn-apotheke.at\/katalog\/wp-json\/wp\/v2\/product"}],"about":[{"href":"https:\/\/www.ernstbrunn-apotheke.at\/katalog\/wp-json\/wp\/v2\/types\/product"}],"wp:featuredmedia":[{"embeddable":true,"href":"https:\/\/www.ernstbrunn-apotheke.at\/katalog\/wp-json\/wp\/v2\/media\/75882"}],"wp:attachment":[{"href":"https:\/\/www.ernstbrunn-apotheke.at\/katalog\/wp-json\/wp\/v2\/media?parent=75880"}],"wp:term":[{"taxonomy":"product_brand","embeddable":true,"href":"https:\/\/www.ernstbrunn-apotheke.at\/katalog\/wp-json\/wp\/v2\/product_brand?post=75880"},{"taxonomy":"product_cat","embeddable":true,"href":"https:\/\/www.ernstbrunn-apotheke.at\/katalog\/wp-json\/wp\/v2\/product_cat?post=75880"},{"taxonomy":"product_tag","embeddable":true,"href":"https:\/\/www.ernstbrunn-apotheke.at\/katalog\/wp-json\/wp\/v2\/product_tag?post=75880"}],"curies":[{"name":"wp","href":"https:\/\/api.w.org\/{rel}","templated":true}]}}